{"id":11006,"date":"2026-02-19T10:50:20","date_gmt":"2026-02-19T15:50:20","guid":{"rendered":"http:\/\/stclementottawa.lan\/?page_id=11006"},"modified":"2026-02-20T09:40:27","modified_gmt":"2026-02-20T14:40:27","slug":"photo-archive","status":"publish","type":"page","link":"https:\/\/stclement-ottawa.org\/fr\/photo-archive\/","title":{"rendered":"Archives photographiques"},"content":{"rendered":"<div class=\"pt-cv-wrapper\"><div class=\"pt-cv-view pt-cv-blockgrid iscvblock iscvhybrid grid1 layout1\" id=\"pt-cv-view-3b4f53e68x\"><div data-id=\"pt-cv-page-1\" class=\"pt-cv-page\" data-cvc=\"3\"><div class=\"pt-cv-content-item pt-cv-1-col\" ><div class=\"pt-cv-thumb-wrapper\"><a href=\"https:\/\/stclement-ottawa.org\/fr\/angel-restoration\/\" class=\"_self pt-cv-href-thumbnail pt-cv-thumb-default\" target=\"_self\" ><img loading=\"lazy\" decoding=\"async\" width=\"625\" height=\"833\" src=\"https:\/\/stclement-ottawa.org\/wp-content\/uploads\/2019\/05\/adoring-angels-2-e1558980209316-768x1024.jpg\" class=\"pt-cv-thumbnail\" alt=\"\" srcset=\"https:\/\/stclement-ottawa.org\/wp-content\/uploads\/2019\/05\/adoring-angels-2-e1558980209316-768x1024.jpg 768w, https:\/\/stclement-ottawa.org\/wp-content\/uploads\/2019\/05\/adoring-angels-2-e1558980209316-225x300.jpg 225w, https:\/\/stclement-ottawa.org\/wp-content\/uploads\/2019\/05\/adoring-angels-2-e1558980209316-450x600.jpg 450w, https:\/\/stclement-ottawa.org\/wp-content\/uploads\/2019\/05\/adoring-angels-2-e1558980209316-624x832.jpg 624w\" sizes=\"auto, (max-width: 625px) 100vw, 625px\" \/><\/a><\/div>\n<div class=\"pt-cv-taxoterm above_title\"><a href='https:\/\/stclement-ottawa.org\/fr\/category\/photos\/' title='Photos' class='pt-cv-tax-photos'>Photos<\/a><\/div>\n<h4 class=\"pt-cv-title\"><a href=\"https:\/\/stclement-ottawa.org\/fr\/angel-restoration\/\" class=\"_self\" target=\"_self\" >Restauration des anges<\/a><\/h4>\n<div class=\"pt-cv-content\"> ...<br \/><div class=\"pt-cv-rmwrap\"><a href=\"https:\/\/stclement-ottawa.org\/fr\/angel-restoration\/\" class=\"_self pt-cv-readmore btn btn-success\" target=\"_self\">Read More<\/a><\/div><\/div>\n<div class=\"pt-cv-meta-fields\"><span class=\"entry-date\"> <time datetime=\"2025-05-18T21:47:21-04:00\">18 mai 2025<\/time><\/span><span> \/ <\/span><span class=\"author\"> <a href=\"https:\/\/stclement-ottawa.org\/fr\/author\/edeprey\/\" rel=\"author\">Erik Deprey FSSP<\/a><\/span><span> \/ <\/span><span class=\"terms\"> <a href='https:\/\/stclement-ottawa.org\/fr\/category\/photos\/' title='Photos' class='pt-cv-tax-photos'>Photos<\/a><\/span><\/div><\/div>\n<div class=\"pt-cv-content-item pt-cv-1-col\" ><div class=\"pt-cv-thumb-wrapper\"><a href=\"https:\/\/stclement-ottawa.org\/fr\/corpus-christi-1st-communions-2024\/\" class=\"_self pt-cv-href-thumbnail pt-cv-thumb-default\" target=\"_self\" ><img loading=\"lazy\" decoding=\"async\" width=\"625\" height=\"434\" src=\"https:\/\/stclement-ottawa.org\/wp-content\/uploads\/2025\/05\/DSC01169-768x533.jpg\" class=\"pt-cv-thumbnail\" alt=\"\" srcset=\"https:\/\/stclement-ottawa.org\/wp-content\/uploads\/2025\/05\/DSC01169-768x533.jpg 768w, https:\/\/stclement-ottawa.org\/wp-content\/uploads\/2025\/05\/DSC01169-300x208.jpg 300w, https:\/\/stclement-ottawa.org\/wp-content\/uploads\/2025\/05\/DSC01169-800x555.jpg 800w, https:\/\/stclement-ottawa.org\/wp-content\/uploads\/2025\/05\/DSC01169-624x433.jpg 624w\" sizes=\"auto, (max-width: 625px) 100vw, 625px\" \/><\/a><\/div>\n<div class=\"pt-cv-taxoterm above_title\"><a href='https:\/\/stclement-ottawa.org\/fr\/category\/photos\/' title='Photos' class='pt-cv-tax-photos'>Photos<\/a><\/div>\n<h4 class=\"pt-cv-title\"><a href=\"https:\/\/stclement-ottawa.org\/fr\/corpus-christi-1st-communions-2024\/\" class=\"_self\" target=\"_self\" >F\u00eate-Dieu \/ Premi\u00e8res communions 2024<\/a><\/h4>\n<div class=\"pt-cv-content\"> ...<br \/><div class=\"pt-cv-rmwrap\"><a href=\"https:\/\/stclement-ottawa.org\/fr\/corpus-christi-1st-communions-2024\/\" class=\"_self pt-cv-readmore btn btn-success\" target=\"_self\">Read More<\/a><\/div><\/div>\n<div class=\"pt-cv-meta-fields\"><span class=\"entry-date\"> <time datetime=\"2024-06-30T09:54:26-04:00\">30 juin 2024<\/time><\/span><span> \/ <\/span><span class=\"author\"> <a href=\"https:\/\/stclement-ottawa.org\/fr\/author\/edeprey\/\" rel=\"author\">Erik Deprey FSSP<\/a><\/span><span> \/ <\/span><span class=\"terms\"> <a href='https:\/\/stclement-ottawa.org\/fr\/category\/photos\/' title='Photos' class='pt-cv-tax-photos'>Photos<\/a><\/span><\/div><\/div>\n<div class=\"pt-cv-content-item pt-cv-1-col\" ><div class=\"pt-cv-thumb-wrapper\"><a href=\"https:\/\/stclement-ottawa.org\/fr\/years-rich-in-blessings-deo-gratias\/\" class=\"_self pt-cv-href-thumbnail pt-cv-thumb-default\" target=\"_self\" ><img loading=\"lazy\" decoding=\"async\" width=\"625\" height=\"833\" src=\"https:\/\/stclement-ottawa.org\/wp-content\/uploads\/2022\/09\/Front-fa\u00e7ade-sunshine-768x1024.jpg\" class=\"pt-cv-thumbnail\" alt=\"\" srcset=\"https:\/\/stclement-ottawa.org\/wp-content\/uploads\/2022\/09\/Front-fa\u00e7ade-sunshine-768x1024.jpg 768w, https:\/\/stclement-ottawa.org\/wp-content\/uploads\/2022\/09\/Front-fa\u00e7ade-sunshine-225x300.jpg 225w, https:\/\/stclement-ottawa.org\/wp-content\/uploads\/2022\/09\/Front-fa\u00e7ade-sunshine-450x600.jpg 450w, https:\/\/stclement-ottawa.org\/wp-content\/uploads\/2022\/09\/Front-fa\u00e7ade-sunshine-624x832.jpg 624w, https:\/\/stclement-ottawa.org\/wp-content\/uploads\/2022\/09\/Front-fa\u00e7ade-sunshine.jpg 1169w\" sizes=\"auto, (max-width: 625px) 100vw, 625px\" \/><\/a><\/div>\n<div class=\"pt-cv-taxoterm above_title\"><a href='https:\/\/stclement-ottawa.org\/fr\/category\/photos\/' title='Photos' class='pt-cv-tax-photos'>Photos<\/a><\/div>\n<h4 class=\"pt-cv-title\"><a href=\"https:\/\/stclement-ottawa.org\/fr\/years-rich-in-blessings-deo-gratias\/\" class=\"_self\" target=\"_self\" >Des ann\u00e9es combl\u00e9es de b\u00e9n\u00e9dictions \u2013 Deo Gratias!<\/a><\/h4>\n<div class=\"pt-cv-content\">Car tu me r\u00e9jouis par tes \u0153uvres, Seigneur ; je chante de joie \u00e0 cause de ce que tes mains ont accompli.<br \/><div class=\"pt-cv-rmwrap\"><a href=\"https:\/\/stclement-ottawa.org\/fr\/years-rich-in-blessings-deo-gratias\/\" class=\"_self pt-cv-readmore btn btn-success\" target=\"_self\">Read More<\/a><\/div><\/div>\n<div class=\"pt-cv-meta-fields\"><span class=\"entry-date\"> <time datetime=\"2023-03-03T10:51:42-05:00\">3 mars 2023<\/time><\/span><span> \/ <\/span><span class=\"author\"> <a href=\"https:\/\/stclement-ottawa.org\/fr\/author\/admin\/\" rel=\"author\">administrateur<\/a><\/span><span> \/ <\/span><span class=\"terms\"> <a href='https:\/\/stclement-ottawa.org\/fr\/category\/photos\/' title='Photos' class='pt-cv-tax-photos'>Photos<\/a><\/span><\/div><\/div>\n<div class=\"pt-cv-content-item pt-cv-1-col\" ><div class=\"pt-cv-thumb-wrapper\"><a href=\"https:\/\/stclement-ottawa.org\/fr\/in-aeternum-parish-response-to-synodal-papal-call-complete\/\" class=\"_self pt-cv-href-thumbnail pt-cv-thumb-default\" target=\"_self\" ><img loading=\"lazy\" decoding=\"async\" width=\"625\" height=\"417\" src=\"https:\/\/stclement-ottawa.org\/wp-content\/uploads\/2022\/06\/f2ca8977ece8e11315bcb26cadc4bdf9-768x512.jpg\" class=\"pt-cv-thumbnail\" alt=\"\" srcset=\"https:\/\/stclement-ottawa.org\/wp-content\/uploads\/2022\/06\/f2ca8977ece8e11315bcb26cadc4bdf9-768x512.jpg 768w, https:\/\/stclement-ottawa.org\/wp-content\/uploads\/2022\/06\/f2ca8977ece8e11315bcb26cadc4bdf9-300x200.jpg 300w, https:\/\/stclement-ottawa.org\/wp-content\/uploads\/2022\/06\/f2ca8977ece8e11315bcb26cadc4bdf9-800x533.jpg 800w, https:\/\/stclement-ottawa.org\/wp-content\/uploads\/2022\/06\/f2ca8977ece8e11315bcb26cadc4bdf9-624x416.jpg 624w, https:\/\/stclement-ottawa.org\/wp-content\/uploads\/2022\/06\/f2ca8977ece8e11315bcb26cadc4bdf9.jpg 2048w\" sizes=\"auto, (max-width: 625px) 100vw, 625px\" \/><\/a><\/div>\n<div class=\"pt-cv-taxoterm above_title\"><a href='https:\/\/stclement-ottawa.org\/fr\/category\/photos\/' title='Photos' class='pt-cv-tax-photos'>Photos<\/a><\/div>\n<h4 class=\"pt-cv-title\"><a href=\"https:\/\/stclement-ottawa.org\/fr\/in-aeternum-parish-response-to-synodal-papal-call-complete\/\" class=\"_self\" target=\"_self\" >IN AETERNUM: la r\u00e9ponse paroissiale au Synode sur la Sydonalit\u00e9 livr\u00e9e<\/a><\/h4>\n<div class=\"pt-cv-content\">L&#039;\u00e9quipe charg\u00e9e de r\u00e9diger la r\u00e9ponse des paroisses \u00e0 l&#039;appel lanc\u00e9 par le pape Fran\u00e7ois en octobre dernier pour recueillir leurs avis sur la nature\u2026.<br \/><div class=\"pt-cv-rmwrap\"><a href=\"https:\/\/stclement-ottawa.org\/fr\/in-aeternum-parish-response-to-synodal-papal-call-complete\/\" class=\"_self pt-cv-readmore btn btn-success\" target=\"_self\">Read More<\/a><\/div><\/div>\n<div class=\"pt-cv-meta-fields\"><span class=\"entry-date\"> <time datetime=\"2022-06-23T11:25:31-04:00\">23 juin 2022<\/time><\/span><span> \/ <\/span><span class=\"author\"> <a href=\"https:\/\/stclement-ottawa.org\/fr\/author\/admin\/\" rel=\"author\">administrateur<\/a><\/span><span> \/ <\/span><span class=\"terms\"> <a href='https:\/\/stclement-ottawa.org\/fr\/category\/photos\/' title='Photos' class='pt-cv-tax-photos'>Photos<\/a><\/span><\/div><\/div>\n<div class=\"pt-cv-content-item pt-cv-1-col\" ><div class=\"pt-cv-thumb-wrapper\"><a href=\"https:\/\/stclement-ottawa.org\/fr\/restoration-of-st-anne-statue\/\" class=\"_self pt-cv-href-thumbnail pt-cv-thumb-default\" target=\"_self\" ><img loading=\"lazy\" decoding=\"async\" width=\"623\" height=\"831\" src=\"https:\/\/stclement-ottawa.org\/wp-content\/uploads\/2021\/12\/statue-sainte-anne.jpg\" class=\"pt-cv-thumbnail\" alt=\"\" srcset=\"https:\/\/stclement-ottawa.org\/wp-content\/uploads\/2021\/12\/statue-sainte-anne.jpg 623w, https:\/\/stclement-ottawa.org\/wp-content\/uploads\/2021\/12\/statue-sainte-anne-225x300.jpg 225w, https:\/\/stclement-ottawa.org\/wp-content\/uploads\/2021\/12\/statue-sainte-anne-450x600.jpg 450w\" sizes=\"auto, (max-width: 623px) 100vw, 623px\" \/><\/a><\/div>\n<div class=\"pt-cv-taxoterm above_title\"><a href='https:\/\/stclement-ottawa.org\/fr\/category\/photos\/' title='Photos' class='pt-cv-tax-photos'>Photos<\/a><\/div>\n<h4 class=\"pt-cv-title\"><a href=\"https:\/\/stclement-ottawa.org\/fr\/restoration-of-st-anne-statue\/\" class=\"_self\" target=\"_self\" >La restauration de la statue de sainte Anne<\/a><\/h4>\n<div class=\"pt-cv-content\">Voici une magnifique vid\u00e9o illustrant la restauration de notre statue de Sainte Anne. Bon visionnage ! Un grand merci\u2026.<br \/><div class=\"pt-cv-rmwrap\"><a href=\"https:\/\/stclement-ottawa.org\/fr\/restoration-of-st-anne-statue\/\" class=\"_self pt-cv-readmore btn btn-success\" target=\"_self\">Read More<\/a><\/div><\/div>\n<div class=\"pt-cv-meta-fields\"><span class=\"entry-date\"> <time datetime=\"2021-12-03T17:56:43-05:00\">3 d\u00e9cembre 2021<\/time><\/span><span> \/ <\/span><span class=\"author\"> <a href=\"https:\/\/stclement-ottawa.org\/fr\/author\/edeprey\/\" rel=\"author\">Erik Deprey FSSP<\/a><\/span><span> \/ <\/span><span class=\"terms\"> <a href='https:\/\/stclement-ottawa.org\/fr\/category\/photos\/' title='Photos' class='pt-cv-tax-photos'>Photos<\/a><\/span><\/div><\/div>\n<div class=\"pt-cv-content-item pt-cv-1-col\" ><div class=\"pt-cv-thumb-wrapper\"><a href=\"https:\/\/stclement-ottawa.org\/fr\/return-of-our-ladys-altar-completes-longed-for-restoration\/\" class=\"_self pt-cv-href-thumbnail pt-cv-thumb-default\" target=\"_self\" ><img loading=\"lazy\" decoding=\"async\" width=\"625\" height=\"469\" src=\"https:\/\/stclement-ottawa.org\/wp-content\/uploads\/2021\/03\/IMG_4846.jpg\" class=\"pt-cv-thumbnail\" alt=\"\" srcset=\"https:\/\/stclement-ottawa.org\/wp-content\/uploads\/2021\/03\/IMG_4846.jpg 640w, https:\/\/stclement-ottawa.org\/wp-content\/uploads\/2021\/03\/IMG_4846-300x225.jpg 300w, https:\/\/stclement-ottawa.org\/wp-content\/uploads\/2021\/03\/IMG_4846-624x468.jpg 624w\" sizes=\"auto, (max-width: 625px) 100vw, 625px\" \/><\/a><\/div>\n<div class=\"pt-cv-taxoterm above_title\"><a href='https:\/\/stclement-ottawa.org\/fr\/category\/photos\/' title='Photos' class='pt-cv-tax-photos'>Photos<\/a><\/div>\n<h4 class=\"pt-cv-title\"><a href=\"https:\/\/stclement-ottawa.org\/fr\/return-of-our-ladys-altar-completes-longed-for-restoration\/\" class=\"_self\" target=\"_self\" >Un retour au sanctuaire marquant la r\u00e9ponse aux v\u0153ux de beaucoup<\/a><\/h4>\n<div class=\"pt-cv-content\">R\u00e9cemment restaur\u00e9, l&#039;autel de Notre-Dame a retrouv\u00e9 sa place dans le sanctuaire la semaine derni\u00e8re. Il poss\u00e8de d\u00e9sormais ses trois \u00e9l\u00e9ments\u2026.<br \/><div class=\"pt-cv-rmwrap\"><a href=\"https:\/\/stclement-ottawa.org\/fr\/return-of-our-ladys-altar-completes-longed-for-restoration\/\" class=\"_self pt-cv-readmore btn btn-success\" target=\"_self\">Read More<\/a><\/div><\/div>\n<div class=\"pt-cv-meta-fields\"><span class=\"entry-date\"> <time datetime=\"2021-03-23T10:06:16-04:00\">23 mars 2021<\/time><\/span><span> \/ <\/span><span class=\"author\"> <a href=\"https:\/\/stclement-ottawa.org\/fr\/author\/admin\/\" rel=\"author\">administrateur<\/a><\/span><span> \/ <\/span><span class=\"terms\"> <a href='https:\/\/stclement-ottawa.org\/fr\/category\/photos\/' title='Photos' class='pt-cv-tax-photos'>Photos<\/a><\/span><\/div><\/div>\n<div class=\"pt-cv-content-item pt-cv-1-col\" ><div class=\"pt-cv-thumb-wrapper\"><a href=\"https:\/\/stclement-ottawa.org\/fr\/altar-renovations\/\" class=\"_self pt-cv-href-thumbnail pt-cv-thumb-default\" target=\"_self\" ><img loading=\"lazy\" decoding=\"async\" width=\"625\" height=\"417\" src=\"https:\/\/stclement-ottawa.org\/wp-content\/uploads\/2021\/03\/C1EA1DA2-19D7-4AB6-A9E3-C9905DF83DBD-768x512.jpeg\" class=\"pt-cv-thumbnail\" alt=\"\" srcset=\"https:\/\/stclement-ottawa.org\/wp-content\/uploads\/2021\/03\/C1EA1DA2-19D7-4AB6-A9E3-C9905DF83DBD-768x512.jpeg 768w, https:\/\/stclement-ottawa.org\/wp-content\/uploads\/2021\/03\/C1EA1DA2-19D7-4AB6-A9E3-C9905DF83DBD-300x200.jpeg 300w, https:\/\/stclement-ottawa.org\/wp-content\/uploads\/2021\/03\/C1EA1DA2-19D7-4AB6-A9E3-C9905DF83DBD-800x534.jpeg 800w, https:\/\/stclement-ottawa.org\/wp-content\/uploads\/2021\/03\/C1EA1DA2-19D7-4AB6-A9E3-C9905DF83DBD-624x416.jpeg 624w, https:\/\/stclement-ottawa.org\/wp-content\/uploads\/2021\/03\/C1EA1DA2-19D7-4AB6-A9E3-C9905DF83DBD.jpeg 1024w\" sizes=\"auto, (max-width: 625px) 100vw, 625px\" \/><\/a><\/div>\n<div class=\"pt-cv-taxoterm above_title\"><a href='https:\/\/stclement-ottawa.org\/fr\/category\/photos\/' title='Photos' class='pt-cv-tax-photos'>Photos<\/a><\/div>\n<h4 class=\"pt-cv-title\"><a href=\"https:\/\/stclement-ottawa.org\/fr\/altar-renovations\/\" class=\"_self\" target=\"_self\" >R\u00e9novations des Autels<\/a><\/h4>\n<div class=\"pt-cv-content\"> ...<br \/><div class=\"pt-cv-rmwrap\"><a href=\"https:\/\/stclement-ottawa.org\/fr\/altar-renovations\/\" class=\"_self pt-cv-readmore btn btn-success\" target=\"_self\">Read More<\/a><\/div><\/div>\n<div class=\"pt-cv-meta-fields\"><span class=\"entry-date\"> <time datetime=\"2021-03-08T19:38:26-05:00\">8 mars 2021<\/time><\/span><span> \/ <\/span><span class=\"author\"> <a href=\"https:\/\/stclement-ottawa.org\/fr\/author\/edeprey\/\" rel=\"author\">Erik Deprey FSSP<\/a><\/span><span> \/ <\/span><span class=\"terms\"> <a href='https:\/\/stclement-ottawa.org\/fr\/category\/photos\/' title='Photos' class='pt-cv-tax-photos'>Photos<\/a><\/span><\/div><\/div>\n<div class=\"pt-cv-content-item pt-cv-1-col\" ><div class=\"pt-cv-thumb-wrapper\"><a href=\"https:\/\/stclement-ottawa.org\/fr\/statue-renovations\/\" class=\"_self pt-cv-href-thumbnail pt-cv-thumb-default\" target=\"_self\" ><img loading=\"lazy\" decoding=\"async\" width=\"625\" height=\"937\" src=\"https:\/\/stclement-ottawa.org\/wp-content\/uploads\/2021\/03\/7C820DD7-FAB0-4C4A-BDDF-3FF58BEE5D2A.jpeg\" class=\"pt-cv-thumbnail\" alt=\"\" srcset=\"https:\/\/stclement-ottawa.org\/wp-content\/uploads\/2021\/03\/7C820DD7-FAB0-4C4A-BDDF-3FF58BEE5D2A.jpeg 683w, https:\/\/stclement-ottawa.org\/wp-content\/uploads\/2021\/03\/7C820DD7-FAB0-4C4A-BDDF-3FF58BEE5D2A-200x300.jpeg 200w, https:\/\/stclement-ottawa.org\/wp-content\/uploads\/2021\/03\/7C820DD7-FAB0-4C4A-BDDF-3FF58BEE5D2A-400x600.jpeg 400w, https:\/\/stclement-ottawa.org\/wp-content\/uploads\/2021\/03\/7C820DD7-FAB0-4C4A-BDDF-3FF58BEE5D2A-624x936.jpeg 624w\" sizes=\"auto, (max-width: 625px) 100vw, 625px\" \/><\/a><\/div>\n<div class=\"pt-cv-taxoterm above_title\"><a href='https:\/\/stclement-ottawa.org\/fr\/category\/photos\/' title='Photos' class='pt-cv-tax-photos'>Photos<\/a><\/div>\n<h4 class=\"pt-cv-title\"><a href=\"https:\/\/stclement-ottawa.org\/fr\/statue-renovations\/\" class=\"_self\" target=\"_self\" >R\u00e9novations des Statues<\/a><\/h4>\n<div class=\"pt-cv-content\"> ...<br \/><div class=\"pt-cv-rmwrap\"><a href=\"https:\/\/stclement-ottawa.org\/fr\/statue-renovations\/\" class=\"_self pt-cv-readmore btn btn-success\" target=\"_self\">Read More<\/a><\/div><\/div>\n<div class=\"pt-cv-meta-fields\"><span class=\"entry-date\"> <time datetime=\"2021-03-08T19:32:47-05:00\">8 mars 2021<\/time><\/span><span> \/ <\/span><span class=\"author\"> <a href=\"https:\/\/stclement-ottawa.org\/fr\/author\/edeprey\/\" rel=\"author\">Erik Deprey FSSP<\/a><\/span><span> \/ <\/span><span class=\"terms\"> <a href='https:\/\/stclement-ottawa.org\/fr\/category\/photos\/' title='Photos' class='pt-cv-tax-photos'>Photos<\/a><\/span><\/div><\/div>\n<div class=\"pt-cv-content-item pt-cv-1-col\" ><div class=\"pt-cv-thumb-wrapper\"><a href=\"https:\/\/stclement-ottawa.org\/fr\/restoration-work-on-side-altars-continues\/\" class=\"_self pt-cv-href-thumbnail pt-cv-thumb-default\" target=\"_self\" ><img loading=\"lazy\" decoding=\"async\" width=\"625\" height=\"469\" src=\"https:\/\/stclement-ottawa.org\/wp-content\/uploads\/2020\/09\/IMG_9749.jpg\" class=\"pt-cv-thumbnail\" alt=\"\" srcset=\"https:\/\/stclement-ottawa.org\/wp-content\/uploads\/2020\/09\/IMG_9749.jpg 640w, https:\/\/stclement-ottawa.org\/wp-content\/uploads\/2020\/09\/IMG_9749-300x225.jpg 300w, https:\/\/stclement-ottawa.org\/wp-content\/uploads\/2020\/09\/IMG_9749-624x468.jpg 624w\" sizes=\"auto, (max-width: 625px) 100vw, 625px\" \/><\/a><\/div>\n<div class=\"pt-cv-taxoterm above_title\"><a href='https:\/\/stclement-ottawa.org\/fr\/category\/photos\/' title='Photos' class='pt-cv-tax-photos'>Photos<\/a><\/div>\n<h4 class=\"pt-cv-title\"><a href=\"https:\/\/stclement-ottawa.org\/fr\/restoration-work-on-side-altars-continues\/\" class=\"_self\" target=\"_self\" >Les travaux de restauration des autels lat\u00e9raux se poursuivent<\/a><\/h4>\n<div class=\"pt-cv-content\">Le d\u00e9but de cette saison automnale marque l&#039;ach\u00e8vement imminent de diverses \u00e9tapes pr\u00e9paratoires importantes li\u00e9es \u00e0...<br \/><div class=\"pt-cv-rmwrap\"><a href=\"https:\/\/stclement-ottawa.org\/fr\/restoration-work-on-side-altars-continues\/\" class=\"_self pt-cv-readmore btn btn-success\" target=\"_self\">Read More<\/a><\/div><\/div>\n<div class=\"pt-cv-meta-fields\"><span class=\"entry-date\"> <time datetime=\"2020-09-26T08:30:14-04:00\">septembre 26, 2020<\/time><\/span><span> \/ <\/span><span class=\"author\"> <a href=\"https:\/\/stclement-ottawa.org\/fr\/author\/admin\/\" rel=\"author\">administrateur<\/a><\/span><span> \/ <\/span><span class=\"terms\"> <a href='https:\/\/stclement-ottawa.org\/fr\/category\/photos\/' title='Photos' class='pt-cv-tax-photos'>Photos<\/a><\/span><\/div><\/div><\/div><\/div>\n<div class=\"pt-cv-pagination-wrapper\"><ul class=\"pt-cv-pagination pt-cv-ajax pagination\" data-totalpages=\"7\" data-currentpage=\"1\" data-sid=\"3b4f53e68x\" data-unid=\"\" data-isblock=\"\" data-postid=\"\"><li class=\"active\"><a href=\"#\">1<\/a><\/li>\n\t<li ><a class=\"\" href=\"https:\/\/stclement-ottawa.org\/fr\/wp-json\/wp\/v2\/pages\/11006\/?_page=2\">2<\/a><\/li>\n\t<li ><a class=\"\" href=\"https:\/\/stclement-ottawa.org\/fr\/wp-json\/wp\/v2\/pages\/11006\/?_page=3\">3<\/a><\/li>\n\t<li ><a href=\"#\">&hellip;<\/a><\/li>\n\t<li ><a class=\"\" href=\"https:\/\/stclement-ottawa.org\/fr\/wp-json\/wp\/v2\/pages\/11006\/?_page=7\">7<\/a><\/li>\n\t<li ><a class=\"\" href=\"https:\/\/stclement-ottawa.org\/fr\/wp-json\/wp\/v2\/pages\/11006\/?_page=2\">\u203a<\/a><\/li>\n\t<\/ul><img loading=\"lazy\" decoding=\"async\" width=\"15\" height=\"15\" class=\"pt-cv-spinner\" alt=\"Loading...\" src=\"data:image\/gif;base64,R0lGODlhDwAPALMPAMrKygwMDJOTkz09PZWVla+vr3p6euTk5M7OzuXl5TMzMwAAAJmZmWZmZszMzP\/\/\/yH\/C05FVFNDQVBFMi4wAwEAAAAh+QQFCgAPACwAAAAADwAPAAAEQvDJaZaZOIcV8iQK8VRX4iTYoAwZ4iCYoAjZ4RxejhVNoT+mRGP4cyF4Pp0N98sBGIBMEMOotl6YZ3S61Bmbkm4mAgAh+QQFCgAPACwAAAAADQANAAAENPDJSRSZeA418itN8QiK8BiLITVsFiyBBIoYqnoewAD4xPw9iY4XLGYSjkQR4UAUD45DLwIAIfkEBQoADwAsAAAAAA8ACQAABC\/wyVlamTi3nSdgwFNdhEJgTJoNyoB9ISYoQmdjiZPcj7EYCAeCF1gEDo4Dz2eIAAAh+QQFCgAPACwCAAAADQANAAAEM\/DJBxiYeLKdX3IJZT1FU0iIg2RNKx3OkZVnZ98ToRD4MyiDnkAh6BkNC0MvsAj0kMpHBAAh+QQFCgAPACwGAAAACQAPAAAEMDC59KpFDll73HkAA2wVY5KgiK5b0RRoI6MuzG6EQqCDMlSGheEhUAgqgUUAFRySIgAh+QQFCgAPACwCAAIADQANAAAEM\/DJKZNLND\/kkKaHc3xk+QAMYDKsiaqmZCxGVjSFFCxB1vwy2oOgIDxuucxAMTAJFAJNBAAh+QQFCgAPACwAAAYADwAJAAAEMNAs86q1yaWwwv2Ig0jUZx3OYa4XoRAfwADXoAwfo1+CIjyFRuEho60aSNYlOPxEAAAh+QQFCgAPACwAAAIADQANAAAENPA9s4y8+IUVcqaWJ4qEQozSoAzoIyhCK2NFU2SJk0hNnyEOhKR2AzAAj4Pj4GE4W0bkJQIAOw==\" \/><div class=\"clear pt-cv-clear-pagination\"><\/div><\/div><\/div>\t\t\t<style type=\"text\/css\" id=\"pt-cv-inline-style-93f2a168a4\">\n#pt-cv-view-3b4f53e68x .pt-cv-thumb-wrapper:not(.miniwrap) {  }#pt-cv-view-3b4f53e68x .pt-cv-thumbnail:not(.pt-cv-thumbnailsm) { height: 250px; }#pt-cv-view-3b4f53e68x > .pt-cv-page {grid-template-columns: repeat(3, 1fr);grid-gap: 15px;}\n@media all and (max-width: 1024px) { \n#pt-cv-view-3b4f53e68x > .pt-cv-page {grid-template-columns: repeat(1, 1fr);}\n} \n@media all and (max-width: 767px) { \n#pt-cv-view-3b4f53e68x > .pt-cv-page {grid-template-columns: repeat(1, 1fr);}\n} <\/style>","protected":false},"excerpt":{"rendered":"","protected":false},"author":12,"featured_media":0,"parent":0,"menu_order":0,"comment_status":"closed","ping_status":"closed","template":"","meta":{"footnotes":""},"class_list":["post-11006","page","type-page","status-publish","hentry"],"aioseo_notices":[],"_links":{"self":[{"href":"https:\/\/stclement-ottawa.org\/fr\/wp-json\/wp\/v2\/pages\/11006","targetHints":{"allow":["GET"]}}],"collection":[{"href":"https:\/\/stclement-ottawa.org\/fr\/wp-json\/wp\/v2\/pages"}],"about":[{"href":"https:\/\/stclement-ottawa.org\/fr\/wp-json\/wp\/v2\/types\/page"}],"author":[{"embeddable":true,"href":"https:\/\/stclement-ottawa.org\/fr\/wp-json\/wp\/v2\/users\/12"}],"replies":[{"embeddable":true,"href":"https:\/\/stclement-ottawa.org\/fr\/wp-json\/wp\/v2\/comments?post=11006"}],"version-history":[{"count":6,"href":"https:\/\/stclement-ottawa.org\/fr\/wp-json\/wp\/v2\/pages\/11006\/revisions"}],"predecessor-version":[{"id":13109,"href":"https:\/\/stclement-ottawa.org\/fr\/wp-json\/wp\/v2\/pages\/11006\/revisions\/13109"}],"wp:attachment":[{"href":"https:\/\/stclement-ottawa.org\/fr\/wp-json\/wp\/v2\/media?parent=11006"}],"curies":[{"name":"wp","href":"https:\/\/api.w.org\/{rel}","templated":true}]}}