{"id":13249,"date":"2026-03-02T12:20:22","date_gmt":"2026-03-02T17:20:22","guid":{"rendered":"https:\/\/stclement-ottawa.org\/?page_id=13249"},"modified":"2026-03-02T12:20:26","modified_gmt":"2026-03-02T17:20:26","slug":"news-archive","status":"publish","type":"page","link":"https:\/\/stclement-ottawa.org\/fr\/news-archive\/","title":{"rendered":"Archives des actualit\u00e9s"},"content":{"rendered":"<div class=\"pt-cv-wrapper\"><div class=\"pt-cv-view pt-cv-blockgrid iscvblock iscvhybrid grid1 layout1\" id=\"pt-cv-view-3834cbfzn6\"><div data-id=\"pt-cv-page-1\" class=\"pt-cv-page\" data-cvc=\"3\"><div class=\"pt-cv-content-item pt-cv-1-col\" ><div class=\"pt-cv-thumb-wrapper\"><a href=\"https:\/\/stclement-ottawa.org\/fr\/?p=4424&#038;preview=true&#038;preview_id=4424\" class=\"_self pt-cv-href-thumbnail pt-cv-thumb-default\" target=\"_self\" ><img loading=\"lazy\" decoding=\"async\" width=\"625\" height=\"733\" src=\"https:\/\/stclement-ottawa.org\/wp-content\/uploads\/2014\/03\/Holy-Week.jpg\" class=\"pt-cv-thumbnail\" alt=\"\" srcset=\"https:\/\/stclement-ottawa.org\/wp-content\/uploads\/2014\/03\/Holy-Week.jpg 1790w, https:\/\/stclement-ottawa.org\/wp-content\/uploads\/2014\/03\/Holy-Week-255x300.jpg 255w, https:\/\/stclement-ottawa.org\/wp-content\/uploads\/2014\/03\/Holy-Week-511x600.jpg 511w, https:\/\/stclement-ottawa.org\/wp-content\/uploads\/2014\/03\/Holy-Week-624x732.jpg 624w\" sizes=\"auto, (max-width: 625px) 100vw, 625px\" \/><\/a><\/div>\n<div class=\"pt-cv-taxoterm above_title\"><a href='https:\/\/stclement-ottawa.org\/fr\/category\/news\/' title='Nouvelles' class='pt-cv-tax-news'>Nouvelles<\/a><\/div>\n<h4 class=\"pt-cv-title\"><a href=\"https:\/\/stclement-ottawa.org\/fr\/?p=4424&#038;preview=true&#038;preview_id=4424\" class=\"_self\" target=\"_self\" >Horaire de la semaine sainte<\/a><\/h4>\n<div class=\"pt-cv-content\">**Announcement Concerning Confessions during the Triduum** - Please note that we will not have confessions during the Good Friday Liturgy, ...<br \/><div class=\"pt-cv-rmwrap\"><a href=\"https:\/\/stclement-ottawa.org\/fr\/?p=4424&#038;preview=true&#038;preview_id=4424\" class=\"_self pt-cv-readmore btn btn-success\" target=\"_self\">Read More<\/a><\/div><\/div>\n<div class=\"pt-cv-meta-fields\"><span class=\"entry-date\"> <time datetime=\"2026-03-30T05:45:34-04:00\">mars 30, 2026<\/time><\/span><span> \/ <\/span><span class=\"terms\"> <a href='https:\/\/stclement-ottawa.org\/fr\/category\/news\/' title='Nouvelles' class='pt-cv-tax-news'>Nouvelles<\/a><\/span><\/div><\/div>\n<div class=\"pt-cv-content-item pt-cv-1-col\" ><div class=\"pt-cv-thumb-wrapper\"><a href=\"https:\/\/stclement-ottawa.org\/fr\/message-from-fr-deprey\/\" class=\"_self pt-cv-href-thumbnail pt-cv-thumb-default\" target=\"_self\" ><img loading=\"lazy\" decoding=\"async\" width=\"104\" height=\"150\" src=\"https:\/\/stclement-ottawa.org\/wp-content\/uploads\/2013\/08\/deprey.jpg\" class=\"pt-cv-thumbnail\" alt=\"\" \/><\/a><\/div>\n<div class=\"pt-cv-taxoterm above_title\"><a href='https:\/\/stclement-ottawa.org\/fr\/category\/news\/' title='Nouvelles' class='pt-cv-tax-news'>Nouvelles<\/a><\/div>\n<h4 class=\"pt-cv-title\"><a href=\"https:\/\/stclement-ottawa.org\/fr\/message-from-fr-deprey\/\" class=\"_self\" target=\"_self\" >L'erreur des communaut\u00e9s autoc\u00e9phales<\/a><\/h4>\n<div class=\"pt-cv-content\">This week we celebrate the Feast of Sts. Peter and Paul, a day when we commemorate the authority of St ...<br \/><div class=\"pt-cv-rmwrap\"><a href=\"https:\/\/stclement-ottawa.org\/fr\/message-from-fr-deprey\/\" class=\"_self pt-cv-readmore btn btn-success\" target=\"_self\">Read More<\/a><\/div><\/div>\n<div class=\"pt-cv-meta-fields\"><span class=\"entry-date\"> <time datetime=\"2026-03-14T20:19:07-04:00\">mars 14, 2026<\/time><\/span><span> \/ <\/span><span class=\"terms\"> <a href='https:\/\/stclement-ottawa.org\/fr\/category\/news\/' title='Nouvelles' class='pt-cv-tax-news'>Nouvelles<\/a><\/span><\/div><\/div>\n<div class=\"pt-cv-content-item pt-cv-1-col\" ><div class=\"pt-cv-thumb-wrapper\"><a href=\"https:\/\/stclement-ottawa.org\/fr\/30-day-prayer-for-the-fssp\/\" class=\"_self pt-cv-href-thumbnail pt-cv-thumb-default\" target=\"_self\" ><img loading=\"lazy\" decoding=\"async\" width=\"625\" height=\"417\" src=\"https:\/\/stclement-ottawa.org\/wp-content\/uploads\/2026\/02\/Fatima2-768x512.jpg\" class=\"pt-cv-thumbnail\" alt=\"\" srcset=\"https:\/\/stclement-ottawa.org\/wp-content\/uploads\/2026\/02\/Fatima2-768x512.jpg 768w, https:\/\/stclement-ottawa.org\/wp-content\/uploads\/2026\/02\/Fatima2-300x200.jpg 300w, https:\/\/stclement-ottawa.org\/wp-content\/uploads\/2026\/02\/Fatima2-800x533.jpg 800w, https:\/\/stclement-ottawa.org\/wp-content\/uploads\/2026\/02\/Fatima2-1536x1024.jpg 1536w, https:\/\/stclement-ottawa.org\/wp-content\/uploads\/2026\/02\/Fatima2-18x12.jpg 18w, https:\/\/stclement-ottawa.org\/wp-content\/uploads\/2026\/02\/Fatima2-624x416.jpg 624w, https:\/\/stclement-ottawa.org\/wp-content\/uploads\/2026\/02\/Fatima2.jpg 1560w\" sizes=\"auto, (max-width: 625px) 100vw, 625px\" \/><\/a><\/div>\n<div class=\"pt-cv-taxoterm above_title\"><a href='https:\/\/stclement-ottawa.org\/fr\/category\/news\/' title='Nouvelles' class='pt-cv-tax-news'>Nouvelles<\/a><\/div>\n<h4 class=\"pt-cv-title\"><a href=\"https:\/\/stclement-ottawa.org\/fr\/30-day-prayer-for-the-fssp\/\" class=\"_self\" target=\"_self\" >Trentain pour la FSSP<\/a><\/h4>\n<div class=\"pt-cv-content\">Une neuvaine de trente jours est en cours en pr\u00e9paration du renouvellement de la cons\u00e9cration de la Fraternit\u00e9 au C\u0153ur Immacul\u00e9 de Marie...<br \/><div class=\"pt-cv-rmwrap\"><a href=\"https:\/\/stclement-ottawa.org\/fr\/30-day-prayer-for-the-fssp\/\" class=\"_self pt-cv-readmore btn btn-success\" target=\"_self\">Read More<\/a><\/div><\/div>\n<div class=\"pt-cv-meta-fields\"><span class=\"entry-date\"> <time datetime=\"2026-02-03T09:55:03-05:00\">3 f\u00e9vrier 2026<\/time><\/span><span> \/ <\/span><span class=\"terms\"> <a href='https:\/\/stclement-ottawa.org\/fr\/category\/news\/' title='Nouvelles' class='pt-cv-tax-news'>Nouvelles<\/a><\/span><\/div><\/div>\n<div class=\"pt-cv-content-item pt-cv-1-col\" ><div class=\"pt-cv-thumb-wrapper\"><a href=\"https:\/\/stclement-ottawa.org\/fr\/statue-damaged\/\" class=\"_self pt-cv-href-thumbnail pt-cv-thumb-default\" target=\"_self\" ><img loading=\"lazy\" decoding=\"async\" width=\"310\" height=\"486\" src=\"https:\/\/stclement-ottawa.org\/wp-content\/uploads\/2014\/11\/St.-Clement-Statue-e1544911060693.jpg\" class=\"pt-cv-thumbnail\" alt=\"\" \/><\/a><\/div>\n<div class=\"pt-cv-taxoterm above_title\"><a href='https:\/\/stclement-ottawa.org\/fr\/category\/news\/' title='Nouvelles' class='pt-cv-tax-news'>Nouvelles<\/a><\/div>\n<h4 class=\"pt-cv-title\"><a href=\"https:\/\/stclement-ottawa.org\/fr\/statue-damaged\/\" class=\"_self\" target=\"_self\" >Statue endommag\u00e9e<\/a><\/h4>\n<div class=\"pt-cv-content\">Notre statue bien-aim\u00e9e de saint Cl\u00e9ment, r\u00e9alis\u00e9e \u00e0 la main par feu Paul Dupuis de notre paroisse, a \u00e9t\u00e9 accidentellement d\u00e9plac\u00e9e et a subi\u2026.<br \/><div class=\"pt-cv-rmwrap\"><a href=\"https:\/\/stclement-ottawa.org\/fr\/statue-damaged\/\" class=\"_self pt-cv-readmore btn btn-success\" target=\"_self\">Read More<\/a><\/div><\/div>\n<div class=\"pt-cv-meta-fields\"><span class=\"entry-date\"> <time datetime=\"2025-12-19T13:45:30-05:00\">19 d\u00e9cembre 2025<\/time><\/span><span> \/ <\/span><span class=\"terms\"> <a href='https:\/\/stclement-ottawa.org\/fr\/category\/news\/' title='Nouvelles' class='pt-cv-tax-news'>Nouvelles<\/a><\/span><\/div><\/div>\n<div class=\"pt-cv-content-item pt-cv-1-col\" ><div class=\"pt-cv-thumb-wrapper\"><a href=\"https:\/\/stclement-ottawa.org\/fr\/annual-parish-dinner-saturday-nov-22\/\" class=\"_self pt-cv-href-thumbnail pt-cv-thumb-default\" target=\"_self\" ><img loading=\"lazy\" decoding=\"async\" width=\"625\" height=\"417\" src=\"https:\/\/stclement-ottawa.org\/wp-content\/uploads\/2025\/10\/Bishop-Reed-2-768x512.jpg\" class=\"pt-cv-thumbnail\" alt=\"\" srcset=\"https:\/\/stclement-ottawa.org\/wp-content\/uploads\/2025\/10\/Bishop-Reed-2-768x512.jpg 768w, https:\/\/stclement-ottawa.org\/wp-content\/uploads\/2025\/10\/Bishop-Reed-2-300x200.jpg 300w, https:\/\/stclement-ottawa.org\/wp-content\/uploads\/2025\/10\/Bishop-Reed-2-800x534.jpg 800w, https:\/\/stclement-ottawa.org\/wp-content\/uploads\/2025\/10\/Bishop-Reed-2-1536x1025.jpg 1536w\" sizes=\"auto, (max-width: 625px) 100vw, 625px\" \/><\/a><\/div>\n<div class=\"pt-cv-taxoterm above_title\"><a href='https:\/\/stclement-ottawa.org\/fr\/category\/news\/' title='Nouvelles' class='pt-cv-tax-news'>Nouvelles<\/a><\/div>\n<h4 class=\"pt-cv-title\"><a href=\"https:\/\/stclement-ottawa.org\/fr\/annual-parish-dinner-saturday-nov-22\/\" class=\"_self\" target=\"_self\" >Souper paroissial annuel avec encan silencieux: le samedi 22 novembre !<\/a><\/h4>\n<div class=\"pt-cv-content\">Les billets sont maintenant disponibles ! Le d\u00eener aura lieu au Centre St. Elias, 750, avenue Ridgewood, Ottawa. Cliquez ici\u2026.<br \/><div class=\"pt-cv-rmwrap\"><a href=\"https:\/\/stclement-ottawa.org\/fr\/annual-parish-dinner-saturday-nov-22\/\" class=\"_self pt-cv-readmore btn btn-success\" target=\"_self\">Read More<\/a><\/div><\/div>\n<div class=\"pt-cv-meta-fields\"><span class=\"entry-date\"> <time datetime=\"2025-10-01T10:51:45-04:00\">1er octobre 2025<\/time><\/span><span> \/ <\/span><span class=\"terms\"> <a href='https:\/\/stclement-ottawa.org\/fr\/category\/news\/' title='Nouvelles' class='pt-cv-tax-news'>Nouvelles<\/a><\/span><\/div><\/div>\n<div class=\"pt-cv-content-item pt-cv-1-col\" ><div class=\"pt-cv-thumb-wrapper\"><a href=\"https:\/\/stclement-ottawa.org\/fr\/?p=10893&#038;preview=true&#038;preview_id=10893\" class=\"_self pt-cv-href-thumbnail pt-cv-thumb-default\" target=\"_self\" ><img loading=\"lazy\" decoding=\"async\" width=\"625\" height=\"939\" src=\"https:\/\/stclement-ottawa.org\/wp-content\/uploads\/2022\/09\/Baptism-art.jpg\" class=\"pt-cv-thumbnail\" alt=\"\" srcset=\"https:\/\/stclement-ottawa.org\/wp-content\/uploads\/2022\/09\/Baptism-art.jpg 700w, https:\/\/stclement-ottawa.org\/wp-content\/uploads\/2022\/09\/Baptism-art-200x300.jpg 200w, https:\/\/stclement-ottawa.org\/wp-content\/uploads\/2022\/09\/Baptism-art-399x600.jpg 399w, https:\/\/stclement-ottawa.org\/wp-content\/uploads\/2022\/09\/Baptism-art-624x938.jpg 624w\" sizes=\"auto, (max-width: 625px) 100vw, 625px\" \/><\/a><\/div>\n<div class=\"pt-cv-taxoterm above_title\"><a href='https:\/\/stclement-ottawa.org\/fr\/category\/news\/' title='Nouvelles' class='pt-cv-tax-news'>Nouvelles<\/a><\/div>\n<h4 class=\"pt-cv-title\"><a href=\"https:\/\/stclement-ottawa.org\/fr\/?p=10893&#038;preview=true&#038;preview_id=10893\" class=\"_self\" target=\"_self\" >Cours pour devenir catholique ou pour compl\u00e9ter vos sacrements (pour adultes)<\/a><\/h4>\n<div class=\"pt-cv-content\">Devenir catholique ou recevoir tous les sacrements - Un formulaire est disponible ci-dessous ou \u00e0 l&#039;entr\u00e9e de l&#039;\u00e9glise pour...<br \/><div class=\"pt-cv-rmwrap\"><a href=\"https:\/\/stclement-ottawa.org\/fr\/?p=10893&#038;preview=true&#038;preview_id=10893\" class=\"_self pt-cv-readmore btn btn-success\" target=\"_self\">Read More<\/a><\/div><\/div>\n<div class=\"pt-cv-meta-fields\"><span class=\"entry-date\"> <time datetime=\"2025-09-13T11:27:29-04:00\">13 septembre 2025<\/time><\/span><span> \/ <\/span><span class=\"terms\"> <a href='https:\/\/stclement-ottawa.org\/fr\/category\/news\/' title='Nouvelles' class='pt-cv-tax-news'>Nouvelles<\/a><\/span><\/div><\/div>\n<div class=\"pt-cv-content-item pt-cv-1-col\" ><div class=\"pt-cv-thumb-wrapper\"><a href=\"https:\/\/stclement-ottawa.org\/fr\/fatima-family-night-rosary-bbq\/\" class=\"_self pt-cv-href-thumbnail pt-cv-thumb-default\" target=\"_self\" ><img loading=\"lazy\" decoding=\"async\" width=\"625\" height=\"833\" src=\"https:\/\/stclement-ottawa.org\/wp-content\/uploads\/2025\/09\/K-of-C-Family-Night-768x1024.jpg\" class=\"pt-cv-thumbnail\" alt=\"\" srcset=\"https:\/\/stclement-ottawa.org\/wp-content\/uploads\/2025\/09\/K-of-C-Family-Night-768x1024.jpg 768w, https:\/\/stclement-ottawa.org\/wp-content\/uploads\/2025\/09\/K-of-C-Family-Night-225x300.jpg 225w, https:\/\/stclement-ottawa.org\/wp-content\/uploads\/2025\/09\/K-of-C-Family-Night-450x600.jpg 450w, https:\/\/stclement-ottawa.org\/wp-content\/uploads\/2025\/09\/K-of-C-Family-Night-1152x1536.jpg 1152w, https:\/\/stclement-ottawa.org\/wp-content\/uploads\/2025\/09\/K-of-C-Family-Night-624x832.jpg 624w, https:\/\/stclement-ottawa.org\/wp-content\/uploads\/2025\/09\/K-of-C-Family-Night.jpg 1536w\" sizes=\"auto, (max-width: 625px) 100vw, 625px\" \/><\/a><\/div>\n<div class=\"pt-cv-taxoterm above_title\"><a href='https:\/\/stclement-ottawa.org\/fr\/category\/news\/' title='Nouvelles' class='pt-cv-tax-news'>Nouvelles<\/a><\/div>\n<h4 class=\"pt-cv-title\"><a href=\"https:\/\/stclement-ottawa.org\/fr\/fatima-family-night-rosary-bbq\/\" class=\"_self\" target=\"_self\" >Soir\u00e9e familiale Fatima: Rosaire et barbecue<\/a><\/h4>\n<div class=\"pt-cv-content\">Les Chevaliers de Colomb de Saint-Cl\u00e9ment ont le plaisir de vous inviter \u00e0 une veill\u00e9e de pri\u00e8re familiale pour Fatima samedi\u2026.<br \/><div class=\"pt-cv-rmwrap\"><a href=\"https:\/\/stclement-ottawa.org\/fr\/fatima-family-night-rosary-bbq\/\" class=\"_self pt-cv-readmore btn btn-success\" target=\"_self\">Read More<\/a><\/div><\/div>\n<div class=\"pt-cv-meta-fields\"><span class=\"entry-date\"> <time datetime=\"2025-09-13T08:08:08-04:00\">13 septembre 2025<\/time><\/span><span> \/ <\/span><span class=\"terms\"> <a href='https:\/\/stclement-ottawa.org\/fr\/category\/news\/' title='Nouvelles' class='pt-cv-tax-news'>Nouvelles<\/a><\/span><\/div><\/div>\n<div class=\"pt-cv-content-item pt-cv-1-col\" ><div class=\"pt-cv-thumb-wrapper\"><a href=\"https:\/\/stclement-ottawa.org\/fr\/a-great-success-golf-day-2025\/\" class=\"_self pt-cv-href-thumbnail pt-cv-thumb-default\" target=\"_self\" ><img loading=\"lazy\" decoding=\"async\" width=\"625\" height=\"726\" src=\"https:\/\/stclement-ottawa.org\/wp-content\/uploads\/2025\/08\/IMG_3292-scaled-e1756255610658-768x892.jpg\" class=\"pt-cv-thumbnail\" alt=\"\" srcset=\"https:\/\/stclement-ottawa.org\/wp-content\/uploads\/2025\/08\/IMG_3292-scaled-e1756255610658-768x892.jpg 768w, https:\/\/stclement-ottawa.org\/wp-content\/uploads\/2025\/08\/IMG_3292-scaled-e1756255610658-258x300.jpg 258w, https:\/\/stclement-ottawa.org\/wp-content\/uploads\/2025\/08\/IMG_3292-scaled-e1756255610658-517x600.jpg 517w, https:\/\/stclement-ottawa.org\/wp-content\/uploads\/2025\/08\/IMG_3292-scaled-e1756255610658-624x725.jpg 624w, https:\/\/stclement-ottawa.org\/wp-content\/uploads\/2025\/08\/IMG_3292-scaled-e1756255610658.jpg 1220w\" sizes=\"auto, (max-width: 625px) 100vw, 625px\" \/><\/a><\/div>\n<div class=\"pt-cv-taxoterm above_title\"><a href='https:\/\/stclement-ottawa.org\/fr\/category\/news\/' title='Nouvelles' class='pt-cv-tax-news'>Nouvelles<\/a><\/div>\n<h4 class=\"pt-cv-title\"><a href=\"https:\/\/stclement-ottawa.org\/fr\/a-great-success-golf-day-2025\/\" class=\"_self\" target=\"_self\" >Un franc succ\u00e8s ! - Journ\u00e9e de golf 2025<\/a><\/h4>\n<div class=\"pt-cv-content\">Salute to our Golf Sponsors 2025.pdf (Please open the PDF above to view our Golf Sponsors for 2025) Our recent ...<br \/><div class=\"pt-cv-rmwrap\"><a href=\"https:\/\/stclement-ottawa.org\/fr\/a-great-success-golf-day-2025\/\" class=\"_self pt-cv-readmore btn btn-success\" target=\"_self\">Read More<\/a><\/div><\/div>\n<div class=\"pt-cv-meta-fields\"><span class=\"entry-date\"> <time datetime=\"2025-08-26T21:02:50-04:00\">ao\u00fbt 26, 2025<\/time><\/span><span> \/ <\/span><span class=\"terms\"> <a href='https:\/\/stclement-ottawa.org\/fr\/category\/news\/' title='Nouvelles' class='pt-cv-tax-news'>Nouvelles<\/a><\/span><\/div><\/div>\n<div class=\"pt-cv-content-item pt-cv-1-col\" ><div class=\"pt-cv-thumb-wrapper\"><a href=\"https:\/\/stclement-ottawa.org\/fr\/saint-anne-novena-july-17-25\/\" class=\"_self pt-cv-href-thumbnail pt-cv-thumb-default\" target=\"_self\" ><img loading=\"lazy\" decoding=\"async\" width=\"623\" height=\"831\" src=\"https:\/\/stclement-ottawa.org\/wp-content\/uploads\/2021\/12\/statue-sainte-anne.jpg\" class=\"pt-cv-thumbnail\" alt=\"\" srcset=\"https:\/\/stclement-ottawa.org\/wp-content\/uploads\/2021\/12\/statue-sainte-anne.jpg 623w, https:\/\/stclement-ottawa.org\/wp-content\/uploads\/2021\/12\/statue-sainte-anne-225x300.jpg 225w, https:\/\/stclement-ottawa.org\/wp-content\/uploads\/2021\/12\/statue-sainte-anne-450x600.jpg 450w\" sizes=\"auto, (max-width: 623px) 100vw, 623px\" \/><\/a><\/div>\n<div class=\"pt-cv-taxoterm above_title\"><a href='https:\/\/stclement-ottawa.org\/fr\/category\/news\/' title='Nouvelles' class='pt-cv-tax-news'>Nouvelles<\/a><\/div>\n<h4 class=\"pt-cv-title\"><a href=\"https:\/\/stclement-ottawa.org\/fr\/saint-anne-novena-july-17-25\/\" class=\"_self\" target=\"_self\" >Neuvaine \u00e0 Ste Anne:  du 17 au 25 juillet<\/a><\/h4>\n<div class=\"pt-cv-content\">Prayer for each day of the Novena: It is with a heart filled with the sincerest veneration, that I prostrate ...<br \/><div class=\"pt-cv-rmwrap\"><a href=\"https:\/\/stclement-ottawa.org\/fr\/saint-anne-novena-july-17-25\/\" class=\"_self pt-cv-readmore btn btn-success\" target=\"_self\">Read More<\/a><\/div><\/div>\n<div class=\"pt-cv-meta-fields\"><span class=\"entry-date\"> <time datetime=\"2025-07-16T09:30:59-04:00\">juillet 16, 2025<\/time><\/span><span> \/ <\/span><span class=\"terms\"> <a href='https:\/\/stclement-ottawa.org\/fr\/category\/news\/' title='Nouvelles' class='pt-cv-tax-news'>Nouvelles<\/a><\/span><\/div><\/div><\/div><\/div>\n<div class=\"pt-cv-pagination-wrapper\"><ul class=\"pt-cv-pagination pt-cv-ajax pagination\" data-totalpages=\"22\" data-currentpage=\"1\" data-sid=\"3834cbfzn6\" data-unid=\"\" data-isblock=\"\" data-postid=\"\"><li class=\"active\"><a href=\"#\">1<\/a><\/li>\n\t<li ><a class=\"\" href=\"https:\/\/stclement-ottawa.org\/fr\/wp-json\/wp\/v2\/pages\/13249\/?_page=2\">2<\/a><\/li>\n\t<li ><a class=\"\" href=\"https:\/\/stclement-ottawa.org\/fr\/wp-json\/wp\/v2\/pages\/13249\/?_page=3\">3<\/a><\/li>\n\t<li ><a href=\"#\">&hellip;<\/a><\/li>\n\t<li ><a class=\"\" href=\"https:\/\/stclement-ottawa.org\/fr\/wp-json\/wp\/v2\/pages\/13249\/?_page=22\">22<\/a><\/li>\n\t<li ><a class=\"\" href=\"https:\/\/stclement-ottawa.org\/fr\/wp-json\/wp\/v2\/pages\/13249\/?_page=2\">\u203a<\/a><\/li>\n\t<\/ul><img loading=\"lazy\" decoding=\"async\" width=\"15\" height=\"15\" class=\"pt-cv-spinner\" alt=\"Loading...\" src=\"data:image\/gif;base64,R0lGODlhDwAPALMPAMrKygwMDJOTkz09PZWVla+vr3p6euTk5M7OzuXl5TMzMwAAAJmZmWZmZszMzP\/\/\/yH\/C05FVFNDQVBFMi4wAwEAAAAh+QQFCgAPACwAAAAADwAPAAAEQvDJaZaZOIcV8iQK8VRX4iTYoAwZ4iCYoAjZ4RxejhVNoT+mRGP4cyF4Pp0N98sBGIBMEMOotl6YZ3S61Bmbkm4mAgAh+QQFCgAPACwAAAAADQANAAAENPDJSRSZeA418itN8QiK8BiLITVsFiyBBIoYqnoewAD4xPw9iY4XLGYSjkQR4UAUD45DLwIAIfkEBQoADwAsAAAAAA8ACQAABC\/wyVlamTi3nSdgwFNdhEJgTJoNyoB9ISYoQmdjiZPcj7EYCAeCF1gEDo4Dz2eIAAAh+QQFCgAPACwCAAAADQANAAAEM\/DJBxiYeLKdX3IJZT1FU0iIg2RNKx3OkZVnZ98ToRD4MyiDnkAh6BkNC0MvsAj0kMpHBAAh+QQFCgAPACwGAAAACQAPAAAEMDC59KpFDll73HkAA2wVY5KgiK5b0RRoI6MuzG6EQqCDMlSGheEhUAgqgUUAFRySIgAh+QQFCgAPACwCAAIADQANAAAEM\/DJKZNLND\/kkKaHc3xk+QAMYDKsiaqmZCxGVjSFFCxB1vwy2oOgIDxuucxAMTAJFAJNBAAh+QQFCgAPACwAAAYADwAJAAAEMNAs86q1yaWwwv2Ig0jUZx3OYa4XoRAfwADXoAwfo1+CIjyFRuEho60aSNYlOPxEAAAh+QQFCgAPACwAAAIADQANAAAENPA9s4y8+IUVcqaWJ4qEQozSoAzoIyhCK2NFU2SJk0hNnyEOhKR2AzAAj4Pj4GE4W0bkJQIAOw==\" \/><div class=\"clear pt-cv-clear-pagination\"><\/div><\/div><\/div>\t\t\t<style type=\"text\/css\" id=\"pt-cv-inline-style-d4ca69d7zb\">\n#pt-cv-view-3834cbfzn6 .pt-cv-thumb-wrapper:not(.miniwrap) {  }#pt-cv-view-3834cbfzn6 .pt-cv-thumbnail:not(.pt-cv-thumbnailsm) { height: 250px; }#pt-cv-view-3834cbfzn6 > .pt-cv-page {grid-template-columns: repeat(3, 1fr);grid-gap: 15px;}\n@media all and (max-width: 1024px) { \n#pt-cv-view-3834cbfzn6 > .pt-cv-page {grid-template-columns: repeat(1, 1fr);}\n} \n@media all and (max-width: 767px) { \n#pt-cv-view-3834cbfzn6 > .pt-cv-page {grid-template-columns: repeat(1, 1fr);}\n} <\/style>","protected":false},"excerpt":{"rendered":"","protected":false},"author":12,"featured_media":0,"parent":0,"menu_order":0,"comment_status":"closed","ping_status":"closed","template":"","meta":{"footnotes":""},"class_list":["post-13249","page","type-page","status-publish","hentry"],"aioseo_notices":[],"_links":{"self":[{"href":"https:\/\/stclement-ottawa.org\/fr\/wp-json\/wp\/v2\/pages\/13249","targetHints":{"allow":["GET"]}}],"collection":[{"href":"https:\/\/stclement-ottawa.org\/fr\/wp-json\/wp\/v2\/pages"}],"about":[{"href":"https:\/\/stclement-ottawa.org\/fr\/wp-json\/wp\/v2\/types\/page"}],"author":[{"embeddable":true,"href":"https:\/\/stclement-ottawa.org\/fr\/wp-json\/wp\/v2\/users\/12"}],"replies":[{"embeddable":true,"href":"https:\/\/stclement-ottawa.org\/fr\/wp-json\/wp\/v2\/comments?post=13249"}],"version-history":[{"count":2,"href":"https:\/\/stclement-ottawa.org\/fr\/wp-json\/wp\/v2\/pages\/13249\/revisions"}],"predecessor-version":[{"id":13252,"href":"https:\/\/stclement-ottawa.org\/fr\/wp-json\/wp\/v2\/pages\/13249\/revisions\/13252"}],"wp:attachment":[{"href":"https:\/\/stclement-ottawa.org\/fr\/wp-json\/wp\/v2\/media?parent=13249"}],"curies":[{"name":"wp","href":"https:\/\/api.w.org\/{rel}","templated":true}]}}