{"id":33,"date":"2021-11-27T15:24:24","date_gmt":"2021-11-27T20:24:24","guid":{"rendered":"http:\/\/localhost:8888\/StClementPrototype\/?page_id=33"},"modified":"2025-11-03T11:44:33","modified_gmt":"2025-11-03T16:44:33","slug":"mass-times","status":"publish","type":"page","link":"https:\/\/stclement-ottawa.org\/fr\/mass-times\/","title":{"rendered":"Horaire des messes"},"content":{"rendered":"<p><strong style=\"color: #000000; font-size: 1rem;\">Veuillez vous r\u00e9f\u00e9rer au feuillet paroissial<\/strong><span style=\"color: #000000; font-size: 1rem;\"> et au site web pour voir les changements p\u00e9riodiques \u00e0 l\u2019horaire, et des informations plus d\u00e9taill\u00e9es<\/span><\/p>\n<p><span style=\"color: #000000;\"><strong>Les confessions ont lieu normalement 30 minutes avant toutes les messes<\/strong><strong>ainsi que le samedi de 15h30 \u00e0 16h30 <\/strong>(<span style=\"text-decoration: underline;\">(\u00e0 l\u2019exception du jour de No\u00ebl, du Jour de l\u2019An, du samedi saint, et du dimanche de P\u00e2ques).<\/span>)<strong>.\u00a0 <\/strong>Les confessions en semaine sont encourag\u00e9es afin de r\u00e9duire la file d\u2019attente le dimanche. Vous pouvez \u00e9galement nous contacter pour prendre un rendez-vous sp\u00e9cial si vous pr\u00e9f\u00e9rez.<br \/>\n<\/span><\/p>\n<p><span style=\"color: #000000;\"><strong><span style=\"color: #ff0000;\">*(veuillez consulter la page d\u2019accueil du site web pour des changements possibles lors des f\u00eates sp\u00e9ciales ou quand un pr\u00eatre est parti en retraite\/vacances):<\/span><\/strong><br \/>\nlundi:  7h00 et 9h00<\/span><span style=\"color: #000000;\"><br \/>\nmardi: 7h00 seulement<br \/>\nmercredi:  7h00 et 19h30<\/span><br \/>\n<span style=\"color: #000000;\">jeudi:  7h00 seulement<\/span><br \/>\n<span style=\"color: #000000;\"> vendredi:  7h00 et 19h30 <\/span><br \/>\n<span style=\"color: #000000;\"> samedi:  7h00 et 9h00 <\/span><br \/>\n<span style=\"color: #000000;\"><strong>dimanche:  8h00, 10h30, 17h30<\/strong><span style=\"color: #ff0000;\">\u00a0<\/span><br \/>\n<\/span><\/p>\n<p><span style=\"color: #000000;\">La messe de 10h30 le dimanche ainsi que les messes pour certaines plus grandes f\u00eates seront diffus\u00e9es en direct.  Le lien se trouve sur la page d\u2019accueil.<br \/>\n<\/span><\/p>\n<p><span style=\"color: #000000;\">****************************************<\/span><\/p>\n<p><span style=\"text-decoration: underline; color: #000000;\"><strong><img loading=\"lazy\" decoding=\"async\" class=\"wp-image-174 alignleft\" src=\"https:\/\/stclement-ottawa.org\/wp-content\/uploads\/2013\/05\/Crucifixion.jpg\" alt=\"Crucifixion\" width=\"281\" height=\"845\" \/><\/strong><\/span><span style=\"color: #000000;\"><strong><br \/>\n<\/strong><\/span><\/p>\n<p>&nbsp;<\/p>\n<div class=\"entry-content\"><\/div>\n<p>&nbsp;<\/p>","protected":false},"excerpt":{"rendered":"<p>Please refer to the parish bulletin for periodic changes and more detailed information. Confessions are usually 30 min prior to all Masses, as well as on Saturdays from 3:30 &#8211; 4:30 pm (except for Christmas Day, New Year&#8217;s Day, Holy Saturday &amp; Easter Sunday).\u00a0 Confessions on weekdays are encouraged so as to help ease up [&hellip;]<\/p>\n","protected":false},"author":1,"featured_media":0,"parent":0,"menu_order":2,"comment_status":"closed","ping_status":"closed","template":"","meta":{"footnotes":""},"class_list":["post-33","page","type-page","status-publish","hentry"],"aioseo_notices":[],"_links":{"self":[{"href":"https:\/\/stclement-ottawa.org\/fr\/wp-json\/wp\/v2\/pages\/33","targetHints":{"allow":["GET"]}}],"collection":[{"href":"https:\/\/stclement-ottawa.org\/fr\/wp-json\/wp\/v2\/pages"}],"about":[{"href":"https:\/\/stclement-ottawa.org\/fr\/wp-json\/wp\/v2\/types\/page"}],"author":[{"embeddable":true,"href":"https:\/\/stclement-ottawa.org\/fr\/wp-json\/wp\/v2\/users\/1"}],"replies":[{"embeddable":true,"href":"https:\/\/stclement-ottawa.org\/fr\/wp-json\/wp\/v2\/comments?post=33"}],"version-history":[{"count":137,"href":"https:\/\/stclement-ottawa.org\/fr\/wp-json\/wp\/v2\/pages\/33\/revisions"}],"predecessor-version":[{"id":11159,"href":"https:\/\/stclement-ottawa.org\/fr\/wp-json\/wp\/v2\/pages\/33\/revisions\/11159"}],"wp:attachment":[{"href":"https:\/\/stclement-ottawa.org\/fr\/wp-json\/wp\/v2\/media?parent=33"}],"curies":[{"name":"wp","href":"https:\/\/api.w.org\/{rel}","templated":true}]}}