{"id":333,"date":"2013-07-05T17:32:58","date_gmt":"2013-07-05T21:32:58","guid":{"rendered":"http:\/\/stclement-ottawa.org\/en\/?page_id=333"},"modified":"2025-11-02T17:17:39","modified_gmt":"2025-11-02T22:17:39","slug":"about-the-parish","status":"publish","type":"page","link":"https:\/\/stclement-ottawa.org\/fr\/about\/about-the-parish\/","title":{"rendered":"Notre Histoire"},"content":{"rendered":"<p><img loading=\"lazy\" decoding=\"async\" class=\"alignnone size-medium wp-image-10716 aligncenter\" src=\"https:\/\/stclement-ottawa.org\/wp-content\/uploads\/2025\/05\/FIAG_540x701-231x300.jpg\" alt=\"\" width=\"231\" height=\"300\" srcset=\"https:\/\/stclement-ottawa.org\/wp-content\/uploads\/2025\/05\/FIAG_540x701-231x300.jpg 231w, https:\/\/stclement-ottawa.org\/wp-content\/uploads\/2025\/05\/FIAG_540x701-462x600.jpg 462w, https:\/\/stclement-ottawa.org\/wp-content\/uploads\/2025\/05\/FIAG_540x701.jpg 540w\" sizes=\"auto, (max-width: 231px) 100vw, 231px\" \/><\/p>\n<p style=\"text-align: center;\"><strong><em>(Vous pouvez vous procurer notre livre d\u2019histoire \u00e0 la librairie paroissiale)<\/em><\/strong><\/p>\n<p>La Paroisse Saint-Cl\u00e9ment \u00e0 l\u2019\u00e9glise Sainte-Anne de l\u2019Archidioc\u00e8se d\u2019Ottawa est desservie par la Fraternit\u00e9 Sacerdotale Saint Pierre. Nous sommes heureux de pouvoir offrir aux fid\u00e8les la messe en Latin ainsi que l\u2019administration de tous les Sacrements conform\u00e9ment aux rites traditionnels.<\/p>\n<h1>B\u00e2tisseurs dans la foi<\/h1>\n<p>La Paroisse Saint-Cl\u00e9ment, tout comme l\u2019\u00e9glise Sainte-Anne qui lui est aujourd\u2019hui confi\u00e9e, aura marqu\u00e9e, de fa\u00e7on tout \u00e0 fait exceptionnelle, l\u2019histoire de la foi ici \u00e0 Ottawa et ailleurs. Les annales de la Paroisse Saint-Cl\u00e9ment constituent en effet le plus \u00e9logieux des t\u00e9moignages quant aux qualit\u00e9s \u00e0 l\u2019\u00e9preuve du temps que poss\u00e8de la liturgie latine traditionnelle du rite romain de l\u2019\u00c9glise. Cette paroisse est en effet la doyenne des Communaut\u00e9s latines du Canada et la premi\u00e8re au monde \u00e0 \u00eatre fond\u00e9e apr\u00e8s le Concile Vatican II afin de desservir les fid\u00e8les demeur\u00e9s attach\u00e9s au rite tridentin.<\/p>\n<p><img loading=\"lazy\" decoding=\"async\" class=\"alignnone size-medium wp-image-6575\" src=\"http:\/\/stclement-ottawa.org\/wp-content\/uploads\/2019\/08\/Sanctuary-Consecration-2019-300x213.jpg\" alt=\"\" width=\"300\" height=\"213\" srcset=\"https:\/\/stclement-ottawa.org\/wp-content\/uploads\/2019\/08\/Sanctuary-Consecration-2019-300x213.jpg 300w, https:\/\/stclement-ottawa.org\/wp-content\/uploads\/2019\/08\/Sanctuary-Consecration-2019-768x546.jpg 768w, https:\/\/stclement-ottawa.org\/wp-content\/uploads\/2019\/08\/Sanctuary-Consecration-2019-800x569.jpg 800w, https:\/\/stclement-ottawa.org\/wp-content\/uploads\/2019\/08\/Sanctuary-Consecration-2019-624x444.jpg 624w, https:\/\/stclement-ottawa.org\/wp-content\/uploads\/2019\/08\/Sanctuary-Consecration-2019.jpg 1647w\" sizes=\"auto, (max-width: 300px) 100vw, 300px\" \/><\/p>\n<h1>Des origines modestes<\/h1>\n<p>Les origines de la communaut\u00e9 Saint-Cl\u00e9ment remontent au mois de mars 1968 alors qu\u2019un petit groupe de fid\u00e8les, avec la permission de Son Excellence Mgr. Joseph-Aur\u00e8le Plourde, s\u2019est r\u00e9uni pour assister \u00e0 la messe tridentine du dimanche au monast\u00e8re des S\u0153urs adoratrices du Pr\u00e9cieux-Sang situ\u00e9 sur Echo Drive \u00e0 Ottawa. Le chanoine Ren\u00e9 Martin, alors aum\u00f4nier aupr\u00e8s du clo\u00eetre devint \u00e9galement celui des nouveaux arriv\u00e9s du dimanche et, peu de temps par la suite, est succ\u00e9d\u00e9 dans ces fonctions par l\u2019abb\u00e9 Guy Martin. En 1984, la Communaut\u00e9 latine avec l\u2019abb\u00e9 Georges-Henri B\u00e9langer \u00e0 sa t\u00eate, se porte acqu\u00e9reuse de sa toute premi\u00e8re chapelle situ\u00e9e sur Albion Road dans ce qui alors \u00e9tait Gloucester Township. La chapelle est plac\u00e9e sous la protection de saint Cl\u00e9ment, pape et martyre. Neuf ans plus tard, le succ\u00e9sseur de Mgr. Ploudre, Son Excellence Mgr. Marcel Gervais met \u00e0 la disposition de la communaut\u00e9 une v\u00e9ritable \u00e9glise disposant d\u2019un presbyt\u00e8re et d\u2019une salle paroissiale, situ\u00e9e au 87 avenue Mann dans Sandy Hill. Peu apr\u00e8s, il conf\u00e8re \u00e0 la communaut\u00e9 Saint-Clement le statut de quasi-paroisse.<\/p>\n<p>Ces indications de stabilit\u00e9 furent accompagn\u00e9es d\u2019un nombre de plus en plus important de paroissiens et ont pouss\u00e9 l\u2019archev\u00eaque \u00e0 faire appel \u00e0 la Fraternit\u00e9 Sacerdotale Saint Pierre, nouvellement constititu\u00e9e, pour qu\u2019elle prenne sous sa charge, \u00e0 partir du 1er janvier 1995, la responabilit\u00e9 sacredotale et spirituelle de la communaut\u00e9. Deux ans plus tard, soit en novembre 1977, en v\u00e9rtu de la clause 518 du droit canonique, Mgr. Gervais fait \u00e9riger Saint-Cl\u00e9ment en paroisse personnelle, \u00e0 part enti\u00e8re de statut \u00e9gal \u00e0 toute autre. Elle devient par le fait m\u00eame la premi\u00e8re paroisse au monde apr\u00e8s le Concile Vatican II \u00e0 \u00eatre \u00e9rig\u00e9e afin de desservir les catholiques demeur\u00e9s fid\u00e8les aux traditions liturgiques du rite romain.<\/p>\n<h1>Le don de Saint-Anne<\/h1>\n<p>Quand, en 2011, la paroisse Sainte-Anne est menac\u00e9e de devoir fermer ses portes, Son Excellence Mgr. Terrence Prendergast s.j. qui succ\u00e8de \u00e0 Mgr. Gervais, invite la Paroisse Saint-Cl\u00e9ment \u00e0 reprendre en charge l\u2019\u00e9glise patrimoniale de la rue ancienne Saint-Patrick. A la fin d\u2019une ann\u00e9e de d\u00e9lib\u00e9rations et de pri\u00e8res, la paroisse accepte l\u2019invitation de son \u00e9v\u00eaque et s\u2019installe dans cete \u00e9glise importante b\u00e2tie au c\u0153ur de la Basse-Ville il y a 140 ans.<\/p>\n<p>La Paroisse Sainte-Anne, comme c\u2019est le cas de celle de Saint-Cl\u00e9ment, a exc\u00e9rc\u00e9 tout au long de son histoire une influence profonde sur l\u2019histoire de la foi \u00e0 Ottawa et m\u00eame au-del\u00e0, surtout au niveau de la question de la lanque d\u2019instruction en Ontario.<\/p>\n<p>\u00c9rig\u00e9e en 1873 dans le style des petites \u00e9glises paroissiales b\u00e2ties en milieu rural au Qu\u00e9bec, sa pierre angulaire est b\u00e9nie le 4 mai 1873 par Mgr. Joseph-Bruno Guigues o.m.i., premier \u00e9v\u00eaque d\u2019Ottawa et la premi\u00e8re messe dans la b\u00e2tisse achev\u00e9e c\u00e9l\u00e9br\u00e9e le dimanche 30 novembre de la m\u00eame ann\u00e9e. Tr\u00e8s t\u00f4t dans son histoire, Sainte-Anne s\u2019est \u00e9tablie comme centre nerveux de la vie religieuse, sociale et politique de la communaut\u00e9 francophone de la Basse-Ville Est. Constituant un rep\u00e8re fondamental jusqu\u2019au milieu du XXe si\u00e8cle, elle a miraculeusement surv\u00e9cu, aux d\u00e9buts tout au moins, au double assaut d\u2019un renouvellement urbain survenu pendant les ann\u00e9es 1960 et du d\u00e9placement subs\u00e9quent des fid\u00e8les qu\u2019elle desservait.<\/p>\n<h1>Un d\u00e9part nouveau n\u00e9 de la tradition<\/h1>\n<p>Des ann\u00e9es plus tard en 2011, ne pouvant plus contrer l\u2019effet \u00e0 long terme de ces forces, Sainte-Anne est mena\u00e7\u00e9e de fermeture d\u00e9finitive quand Mgr. Prendergast se retourne vers la Paroisse Saint-Cl\u00e9ment, l\u2019invitant \u00e0 venir s\u2019y installer. C\u2019est ainsi qu\u2019en juin 2012, le dimanche de la F\u00eate de la Sainte-Trinit\u00e9, fut c\u00e9l\u00e8br\u00e9e pour la premi\u00e8re fois en bien des ann\u00e9es la messe en Latin \u00e0 l\u2019\u00e9glise Sainte-Anne.<\/p>\n<p>L&#039;installation de la paroisse Saint-Cl\u00e9ment \u00e0 l&#039;\u00e9glise Sainte-Anne repr\u00e9sente un renouveau pour cette \u00e9glise historique d&#039;Ottawa et sa gestion t\u00e9moigne de la foi d&#039;une communaut\u00e9 d\u00e9vou\u00e9e aux formes intemporelles de culte de l&#039;\u00c9glise.<\/p>","protected":false},"excerpt":{"rendered":"<p>(Our parish history book is available in our bookstore) St. Clement Parish at St. Anne Church offers Mass and the Sacraments in the traditional Latin form of the Roman Rite according to the liturgical norms of 1962. Mass is celebrated daily, preceded by the opportunity for confession. All the Sacraments of the Church are available [&hellip;]<\/p>\n","protected":false},"author":1,"featured_media":0,"parent":74,"menu_order":0,"comment_status":"closed","ping_status":"closed","template":"","meta":{"footnotes":""},"class_list":["post-333","page","type-page","status-publish","hentry"],"aioseo_notices":[],"_links":{"self":[{"href":"https:\/\/stclement-ottawa.org\/fr\/wp-json\/wp\/v2\/pages\/333","targetHints":{"allow":["GET"]}}],"collection":[{"href":"https:\/\/stclement-ottawa.org\/fr\/wp-json\/wp\/v2\/pages"}],"about":[{"href":"https:\/\/stclement-ottawa.org\/fr\/wp-json\/wp\/v2\/types\/page"}],"author":[{"embeddable":true,"href":"https:\/\/stclement-ottawa.org\/fr\/wp-json\/wp\/v2\/users\/1"}],"replies":[{"embeddable":true,"href":"https:\/\/stclement-ottawa.org\/fr\/wp-json\/wp\/v2\/comments?post=333"}],"version-history":[{"count":18,"href":"https:\/\/stclement-ottawa.org\/fr\/wp-json\/wp\/v2\/pages\/333\/revisions"}],"predecessor-version":[{"id":11152,"href":"https:\/\/stclement-ottawa.org\/fr\/wp-json\/wp\/v2\/pages\/333\/revisions\/11152"}],"up":[{"embeddable":true,"href":"https:\/\/stclement-ottawa.org\/fr\/wp-json\/wp\/v2\/pages\/74"}],"wp:attachment":[{"href":"https:\/\/stclement-ottawa.org\/fr\/wp-json\/wp\/v2\/media?parent=333"}],"curies":[{"name":"wp","href":"https:\/\/api.w.org\/{rel}","templated":true}]}}