{"id":44,"date":"2013-05-21T17:44:45","date_gmt":"2013-05-21T17:44:45","guid":{"rendered":"http:\/\/localhost:8888\/StClementPrototype\/?page_id=44"},"modified":"2025-11-02T17:23:57","modified_gmt":"2025-11-02T22:23:57","slug":"history","status":"publish","type":"page","link":"https:\/\/stclement-ottawa.org\/fr\/about\/history\/","title":{"rendered":"Historique de la Paroisse"},"content":{"rendered":"<p><!--:en--><img loading=\"lazy\" decoding=\"async\" class=\"alignright size-full wp-image-150\" src=\"http:\/\/stclement-ottawa.org\/wp-content\/uploads\/2013\/05\/thecontinualsacrifice.jpg\" alt=\"thecontinualsacrifice\" width=\"200\" height=\"300\" \/>La composition de la communaut\u00e9 latine traditionnelle a bien chang\u00e9 depuis sa premi\u00e8re r\u00e9union dans la chapelle du Monast\u00e8re des S\u0153urs Adoratrices du Pr\u00e9cieux-Sang, au 774, promenade Echo, Ottawa, le premier dimanche du Car\u00eame, il y a au-del\u00e0 de trente-cinq ans. Pourtant, il y a un lien essentiel entre ce moment historique et ce qui se d\u00e9roule encore et toujours dans la paroisse St-Cl\u00e9ment d\u2019aujourd\u2019hui : ce lien, c\u2019est le rite de la Sainte Messe, rite fid\u00e8le aux formes liturgiques des si\u00e8cles. Ce n\u2019est pas non plus par simple co\u00efncidence que cette oblation se fait sur le m\u00eame autel qui servit alors, il y a trente-cinq ans \u2013 et cela en d\u00e9pit du fait que les S\u0153urs du Pr\u00e9cieux-Sang sont elles-m\u00eames depuis longtemps dispers\u00e9es, et leur monast\u00e8re vendu \u00e0 un organisme s\u00e9culier.<\/p>\n<p>Au fil des ann\u00e9es, la paroisse a re\u00e7u dans son sein de nombreux individus dou\u00e9s, aventureux, vivaces et passionnant, ainsi qu\u2019un certain nombre d\u2019originaux et de l\u00e9g\u00e8rement excentriques. Les vertus catholiques les plus louables \u2013 le courage v\u00e9ritablement h\u00e9ro\u00efque, la soumission \u00e0 la volont\u00e9 de Dieu, la prudence, la patience, la pers\u00e9v\u00e9rance, et la force d\u2019\u00e2me \u2013 ont \u00e9t\u00e9 bien pr\u00e9sents, fut-ce discr\u00e8tement, depuis le tout d\u00e9but. La paroisse St-Cl\u00e9ment a servi de centre spirituel aux \u00e9rudits et aux communs des mortels, aux esprits sereins et aux esprits inquiets, \u00e0 de nombreux auteurs de lettre aux r\u00e9dacteurs de journaux, et d\u2019apologistes sans peur dans leur d\u00e9fense de l\u2019enseignement catholique et l\u2019\u00c9vangile de la vie, de la papaut\u00e9 et du magist\u00e8re. Pour chacun de ses membres, St-Cl\u00e9ment est une paroisse vraiment tr\u00e8s sp\u00e9ciale.<\/p>\n<blockquote><p>Un extrait de The Continual Sacrifice: A History of the Origins of Saint Clement Parish, Ottawa 1968 \u2013 1998 de Bernard Pothier<\/p><\/blockquote>\n<p><!--:--><\/p>","protected":false},"excerpt":{"rendered":"<p>Much change has occurred in the make-up of Ottawa\u2019s traditional Mass community since it came together in the chapel of the Monastery of the Sisters Adorers of the Precious Blood, 774 Echo Drive, for the first time on the first Sunday of Lent 30 years ago. Yet there is an essential thread linking that historic [&hellip;]<\/p>\n","protected":false},"author":1,"featured_media":0,"parent":74,"menu_order":1,"comment_status":"closed","ping_status":"closed","template":"","meta":{"footnotes":""},"class_list":["post-44","page","type-page","status-publish","hentry"],"aioseo_notices":[],"_links":{"self":[{"href":"https:\/\/stclement-ottawa.org\/fr\/wp-json\/wp\/v2\/pages\/44","targetHints":{"allow":["GET"]}}],"collection":[{"href":"https:\/\/stclement-ottawa.org\/fr\/wp-json\/wp\/v2\/pages"}],"about":[{"href":"https:\/\/stclement-ottawa.org\/fr\/wp-json\/wp\/v2\/types\/page"}],"author":[{"embeddable":true,"href":"https:\/\/stclement-ottawa.org\/fr\/wp-json\/wp\/v2\/users\/1"}],"replies":[{"embeddable":true,"href":"https:\/\/stclement-ottawa.org\/fr\/wp-json\/wp\/v2\/comments?post=44"}],"version-history":[{"count":7,"href":"https:\/\/stclement-ottawa.org\/fr\/wp-json\/wp\/v2\/pages\/44\/revisions"}],"predecessor-version":[{"id":11153,"href":"https:\/\/stclement-ottawa.org\/fr\/wp-json\/wp\/v2\/pages\/44\/revisions\/11153"}],"up":[{"embeddable":true,"href":"https:\/\/stclement-ottawa.org\/fr\/wp-json\/wp\/v2\/pages\/74"}],"wp:attachment":[{"href":"https:\/\/stclement-ottawa.org\/fr\/wp-json\/wp\/v2\/media?parent=44"}],"curies":[{"name":"wp","href":"https:\/\/api.w.org\/{rel}","templated":true}]}}