{"id":45,"date":"2013-05-21T17:45:00","date_gmt":"2013-05-21T17:45:00","guid":{"rendered":"http:\/\/localhost:8888\/StClementPrototype\/?page_id=45"},"modified":"2026-03-05T22:24:03","modified_gmt":"2026-03-06T03:24:03","slug":"links","status":"publish","type":"page","link":"https:\/\/stclement-ottawa.org\/fr\/links\/","title":{"rendered":"Liens"},"content":{"rendered":"<ul>\n<li><a style=\"line-height: 1.714285714; font-size: 1rem;\" href=\"https:\/\/www.fssp.org\/fr\">FSSP \u2013 SITE INTERNATIONAL<\/a><\/li>\n<li><a href=\"https:\/\/www.fssp.ca\/\">FSSP CANADA<\/a><\/li>\n<li><a href=\"http:\/\/fssp.com\/\">FSSP AM\u00c9RIQUE DU NORD<\/a><\/li>\n<li><a href=\"http:\/\/fsspolgs.org\/\">OUR LADY OF GUADALUPE SEMINARY (FSSP) \u2013 Denton, Nebraska (en anglais)<\/a><\/li>\n<li><a href=\"http:\/\/fsspwigratzbad.blogspot.com\/p\/blog-page_2274.html\">S\u00e9minaire SAINT-PIERRE, WIGRATZBAD (s\u00e9cteur francophone)<\/a><\/li>\n<li><a href=\"https:\/\/petrusbruderschaft.de\/\">S\u00e9minaire SAINT-PIERRE, WIGRATZBAD, (s\u00e9cteur germanophone)<\/a><\/li>\n<li><a href=\"http:\/\/www.confraternite.fr\/\">Confraternit\u00e9 Saint Pierre<\/a> (association la\u00efque de la FSSP)<\/li>\n<li><a style=\"line-height: 1.714285714; font-size: 1rem;\" href=\"https:\/\/www.vatican.va\/content\/vatican\/fr.html\">Le Saint-Si\u00e8ge<\/a><\/li>\n<li><a href=\"https:\/\/ottawacornwall.ca\/fr\/\">Archdiocese d\u2019Ottawa-Cornwall<\/a><\/li>\n<li><a href=\"https:\/\/www.nd-chretiente.com\/\">Notre-Dame de Chr\u00e9tient\u00e9<\/a>\u00a0(p\u00e8lerinage annuel \u00e0 Chartres)<\/li>\n<li><a href=\"http:\/\/mariereine.ca\/index_fr.php\">Marie Reine du Canada \u2013 P\u00e8lerinage annuel \u00e0 Notre-Dame-du-Cap, Qu\u00e9bec<\/a><\/li>\n<li><a href=\"http:\/\/www.newliturgicalmovement.org\/\">New Liturgical Movement<\/a><\/li>\n<li><a href=\"http:\/\/www.fiuv.org\/\">F\u00e9d\u00e9ration Internationale Una Voce<\/a><\/li>\n<li><a style=\"line-height: 1.714285714; font-size: 1rem;\" href=\"http:\/\/www.barroux.org\/\">Abbaye Sainte Madeleine du Barroux<\/a>\u00a0(France \u2013 Abbaye Benedictine)<\/li>\n<li><a style=\"line-height: 1.714285714; font-size: 1rem;\" href=\"http:\/\/www.clearcreekmonks.org\/\">Our Lady of the Annunciation Monastery of Clear Creek<\/a>\u00a0(USA \u2013 Monast\u00e8re b\u00e9n\u00e9dictin)<\/li>\n<li><a href=\"http:\/\/www.ccwatershed.org\/goupil\/ \">Resources pour le chant gr\u00e9gorien de l\u2019ann\u00e9e liturgique<\/a><\/li>\n<li><a href=\"https:\/\/www.divinumofficium.com\/cgi-bin\/missa\/missa.pl#\">Today&#8217;s Mass (online missal 1962) &#8211; Choose preferred language at the bottom<\/a><\/li>\n<li><a href=\"http:\/\/divinumofficium.com\/cgi-bin\/horas\/officium.pl\">Today&#8217;s Divine Office (online breviary 1962) &#8211; Choose preferred language at the bottom<\/a><\/li>\n<li><a style=\"line-height: 1.714285714; font-size: 1rem;\" href=\"http:\/\/www.catholic.org\/\">Catholic Online<\/a><\/li>\n<li><a href=\"http:\/\/www.legionofmary.ie\/\">L\u00e9gion de Marie: Concilium (Irelande)<\/a><\/li>\n<li><a style=\"line-height: 1.714285714; font-size: 1rem;\" href=\"http:\/\/www.smlm.org\/index.html\">L\u00e9gion de Marie: Senatus de Montr\u00e9al<\/a><\/li>\n<li><a style=\"line-height: 1.714285714; font-size: 1rem;\" href=\"http:\/\/www.ewtn.com\/\">EWTN \u2013 Eternal Word Television Network (t\u00e9l\u00e9vision catholique des \u00c9tats-Unis)<\/a><\/li>\n<\/ul>","protected":false},"excerpt":{"rendered":"<p>FSSP &#8211; INTERNATIONAL WEBSITE FSSP CANADA FSSP NORTH AMERICA OUR LADY OF GUADALUPE SEMINARY (FSSP) &#8211; Denton, Nebraska (English) ST. PETER SEMINARY in Wigratzbad, Germany (French Sector) International Seminary of St. Peter in Wigratzbad, Germany (German Sector) Confraternity of Saint Peter (Lay-association united to the FSSP) The Holy See &#8211; Vatican Archdiocese of Ottawa-Cornwall Notre-Dame [&hellip;]<\/p>\n","protected":false},"author":12,"featured_media":0,"parent":0,"menu_order":7,"comment_status":"closed","ping_status":"closed","template":"","meta":{"footnotes":""},"class_list":["post-45","page","type-page","status-publish","hentry"],"aioseo_notices":[],"_links":{"self":[{"href":"https:\/\/stclement-ottawa.org\/fr\/wp-json\/wp\/v2\/pages\/45","targetHints":{"allow":["GET"]}}],"collection":[{"href":"https:\/\/stclement-ottawa.org\/fr\/wp-json\/wp\/v2\/pages"}],"about":[{"href":"https:\/\/stclement-ottawa.org\/fr\/wp-json\/wp\/v2\/types\/page"}],"author":[{"embeddable":true,"href":"https:\/\/stclement-ottawa.org\/fr\/wp-json\/wp\/v2\/users\/12"}],"replies":[{"embeddable":true,"href":"https:\/\/stclement-ottawa.org\/fr\/wp-json\/wp\/v2\/comments?post=45"}],"version-history":[{"count":62,"href":"https:\/\/stclement-ottawa.org\/fr\/wp-json\/wp\/v2\/pages\/45\/revisions"}],"predecessor-version":[{"id":13774,"href":"https:\/\/stclement-ottawa.org\/fr\/wp-json\/wp\/v2\/pages\/45\/revisions\/13774"}],"wp:attachment":[{"href":"https:\/\/stclement-ottawa.org\/fr\/wp-json\/wp\/v2\/media?parent=45"}],"curies":[{"name":"wp","href":"https:\/\/api.w.org\/{rel}","templated":true}]}}