{"id":77,"date":"2013-05-21T20:10:50","date_gmt":"2013-05-21T20:10:50","guid":{"rendered":"http:\/\/localhost:8888\/StClementPrototype\/?page_id=77"},"modified":"2025-11-02T18:54:59","modified_gmt":"2025-11-02T23:54:59","slug":"saint-anne","status":"publish","type":"page","link":"https:\/\/stclement-ottawa.org\/fr\/about\/saint-anne\/","title":{"rendered":"Sainte Anne"},"content":{"rendered":"<p style=\"text-align: justify;\"><img loading=\"lazy\" decoding=\"async\" class=\"alignleft size-full wp-image-238\" src=\"http:\/\/stclement-ottawa.org\/wp-content\/uploads\/2013\/05\/stAnne.png\" alt=\"stAnne\" width=\"277\" height=\"261\" \/>Sainte Anne appartenait \u00e0 ce peuple choisi qui, dans les desseins de Dieu, devait donner naissance au Sauveur des hommes; elle \u00e9tait de la tribu de Juda et de la race de David. Ses parents, recommandables par leur origine, devinrent surtout illustres entre tous leurs concitoyens par l\u2019\u00e9clat d\u2019une vie pleine de bonnes oeuvres et de vertus.<\/p>\n<p style=\"text-align: justify;\" class=\"translation-block\">Sess<\/p>\n<p style=\"text-align: justify;\">Toute jeune enfant, elle \u00e9tait douce, humble, modeste, ob\u00e9issante et orn\u00e9e des na\u00efves vertus de son \u00e2ge. Plus tard, comme elle sut bien garder intact le lis de sa virginit\u00e9! Comme elle d\u00e9passait toutes les filles, ses compagnes, par sa pi\u00e9t\u00e9, par la r\u00e9serve de sa tenue, son recueillement et la saintet\u00e9 de toute sa conduite! Puis, quand il plut \u00e0 Dieu d\u2019unir son sort \u00e0 celui de Joachim, combien Anne fut une \u00e9pouse pr\u00e9venante, respectueuse, laborieuse, charitable et scrupuleusement fid\u00e8le \u00e0 tous les devoirs de son \u00e9tat, vaquant \u00e0 propos au travail et \u00e0 la pri\u00e8re.<\/p>\n<p style=\"text-align: justify;\">Dieu lui refusa longtemps de devenir m\u00e8re; elle se soumit humblement \u00e0 cette \u00e9preuve et l\u2019utilisa pour sa sanctification. Mais \u00e0 l\u2019\u00e9preuve succ\u00e9da une grande joie, car de Joachim et d\u2019Anne, d\u00e9j\u00e0 vieux, naquit miraculeusement Celle qui devait \u00eatre la M\u00e8re du Sauveur et la Cor\u00e9demptrice du genre humain. C\u2019est sans doute un grand honneur pour sainte Anne, que d\u2019avoir donn\u00e9 naissance \u00e0 la M\u00e8re de Dieu; mais il lui revient beaucoup plus de gloire d\u2019avoir form\u00e9 le coeur de Marie \u00e0 la vertu et \u00e0 l\u2019innocence! L\u2019\u00c9glise c\u00e9l\u00e9brera dans tous les \u00e2ges la pi\u00e9t\u00e9 maternelle de sainte Anne, et la gloire de sa Fille rejaillira sur elle de g\u00e9n\u00e9ration en g\u00e9n\u00e9ration. <br \/><\/br>Le culte de sainte Anne a subi diverses alternatives. Son corps fut transport\u00e9 dans les Gaules, au premier si\u00e8cle de l\u2019\u00e8re chr\u00e9tienne, et enfoui dans un souterrain de l\u2019\u00e9glise d\u2019Apt, en Provence, \u00e0 l\u2019\u00e9poque des pers\u00e9cutions. A la fin du VIIIe si\u00e8cle, il fut miraculeusement d\u00e9couvert et devint l\u2019objet d\u2019un p\u00e8lerinage. Mais c\u2019est surtout au XVIIe si\u00e8cle que le culte de sainte Anne acquit la popularit\u00e9 dont il jouit. De tous les sanctuaires de sainte Anne, le plus c\u00e9l\u00e8bre est celui d\u2019Auray, en Bretagne; son origine est due \u00e0 la miraculeuse d\u00e9couverte d\u2019une vieille statue de la grande Sainte, accompagn\u00e9e des circonstances les plus extraordinaires et suivies de prodiges sans nombre. Sainte-Anne d\u2019Auray est encore aujourd\u2019hui l\u2019objet d\u2019un p\u00e8lerinage national.<\/p>\n<hr \/>\n<p>&nbsp;<\/p>","protected":false},"excerpt":{"rendered":"<p>Anne (Hebrew, Hannah, grace; also spelled Ann, Anne, Anna) is the traditional name of the mother of the Blessed Virgin Mary. We do not know everything about Saint Anne&#8217;s life. She is not mentioned in the New Testament, and so we must depend on apocryphal literature, chiefly the Protoevangelium of James, which dates back only [&hellip;]<\/p>\n","protected":false},"author":1,"featured_media":0,"parent":74,"menu_order":3,"comment_status":"closed","ping_status":"closed","template":"","meta":{"footnotes":""},"class_list":["post-77","page","type-page","status-publish","hentry"],"aioseo_notices":[],"_links":{"self":[{"href":"https:\/\/stclement-ottawa.org\/fr\/wp-json\/wp\/v2\/pages\/77","targetHints":{"allow":["GET"]}}],"collection":[{"href":"https:\/\/stclement-ottawa.org\/fr\/wp-json\/wp\/v2\/pages"}],"about":[{"href":"https:\/\/stclement-ottawa.org\/fr\/wp-json\/wp\/v2\/types\/page"}],"author":[{"embeddable":true,"href":"https:\/\/stclement-ottawa.org\/fr\/wp-json\/wp\/v2\/users\/1"}],"replies":[{"embeddable":true,"href":"https:\/\/stclement-ottawa.org\/fr\/wp-json\/wp\/v2\/comments?post=77"}],"version-history":[{"count":10,"href":"https:\/\/stclement-ottawa.org\/fr\/wp-json\/wp\/v2\/pages\/77\/revisions"}],"predecessor-version":[{"id":11156,"href":"https:\/\/stclement-ottawa.org\/fr\/wp-json\/wp\/v2\/pages\/77\/revisions\/11156"}],"up":[{"embeddable":true,"href":"https:\/\/stclement-ottawa.org\/fr\/wp-json\/wp\/v2\/pages\/74"}],"wp:attachment":[{"href":"https:\/\/stclement-ottawa.org\/fr\/wp-json\/wp\/v2\/media?parent=77"}],"curies":[{"name":"wp","href":"https:\/\/api.w.org\/{rel}","templated":true}]}}