{"id":8,"date":"2013-05-18T15:02:29","date_gmt":"2013-05-18T15:02:29","guid":{"rendered":"http:\/\/localhost:8888\/StClementPrototype\/?page_id=6"},"modified":"2026-04-01T10:59:42","modified_gmt":"2026-04-01T14:59:42","slug":"home","status":"publish","type":"page","link":"https:\/\/stclement-ottawa.org\/fr\/home\/","title":{"rendered":"Accueil"},"content":{"rendered":"<h1 style=\"text-align: center;\"><span style=\"color: #000000;\"><img loading=\"lazy\" decoding=\"async\" class=\"wp-image-5116 aligncenter\" src=\"https:\/\/stclement-ottawa.org\/wp-content\/uploads\/2017\/06\/Parish-Sign-1-300x206.jpg\" alt=\"\" width=\"502\" height=\"345\" srcset=\"https:\/\/stclement-ottawa.org\/wp-content\/uploads\/2017\/06\/Parish-Sign-1-300x206.jpg 300w, https:\/\/stclement-ottawa.org\/wp-content\/uploads\/2017\/06\/Parish-Sign-1.jpg 420w\" sizes=\"auto, (max-width: 502px) 100vw, 502px\" \/><\/span><\/h1>\n<p style=\"text-align: justify;\"><span style=\"color: #000000;\">La paroisse Saint-Cl\u00e9ment \u00e0 l\u2019\u00e9glise Sainte-Anne de l\u2019Archidioc\u00e8se d\u2019Ottawa-Cornwall est desservie par la Fraternit\u00e9 Sacerdotale Saint-Pierre. Nous sommes heureux de pouvoir offrir aux fid\u00e8les la messe traditionnelle en Latin ainsi que l\u2019administration des Sacrements conform\u00e9ment aux normes liturgiques de 1962.  L\u2019\u00e9glise se situe au 528 rue Old St Patrick. Nous vous invitons \u00e0 vous joindre \u00e0 nous pour assister \u00e0 la<\/span> <a title=\"Horaires des messes\" href=\"https:\/\/stclement-ottawa.org\/fr\/mass-times\/\">Messe<\/a> <span style=\"color: #000000;\">et<\/span> <a title=\"\u00c0 propos\" href=\"https:\/\/stclement-ottawa.org\/fr\/about\/\">apprendre davantage au sujet de la paroisse.<\/a>.<\/p>\n<p><img loading=\"lazy\" decoding=\"async\" class=\"alignnone wp-image-10449 aligncenter\" src=\"https:\/\/stclement-ottawa.org\/wp-content\/uploads\/2024\/12\/st-clement-logo-w-banners-226x300.jpg\" alt=\"\" width=\"203\" height=\"270\" srcset=\"https:\/\/stclement-ottawa.org\/wp-content\/uploads\/2024\/12\/st-clement-logo-w-banners-226x300.jpg 226w, https:\/\/stclement-ottawa.org\/wp-content\/uploads\/2024\/12\/st-clement-logo-w-banners-452x600.jpg 452w, https:\/\/stclement-ottawa.org\/wp-content\/uploads\/2024\/12\/st-clement-logo-w-banners.jpg 487w\" sizes=\"auto, (max-width: 203px) 100vw, 203px\" \/><\/p>\n<h1 style=\"text-align: center;\"><span style=\"color: #000000;\">Feuillet Paroissial et Horaire des Messes:<\/span><br \/>\n<a href=\"https:\/\/stclement-ottawa.org\/fr\/bulletin\/\">https:\/\/stclement-ottawa.org\/bulletin\/<\/a><\/h1>\n<p style=\"text-align: center;\"><span style=\"color: #000000;\">***<\/span><\/p>\n<h1 style=\"text-align: center;\"><span style=\"text-decoration: underline; color: #000000;\"><strong class=\"alignnone size-medium wp-image-9943\">CAMPAIGN POUR UNE SALLE PAROISSIALE<br \/>\n<\/strong><\/span><span style=\"color: #000000;\"><strong class=\"alignnone size-medium wp-image-9943\">But: $900,000<\/strong><\/span><\/h1>\n<h1 style=\"text-align: center;\"><img loading=\"lazy\" decoding=\"async\" class=\"alignnone size-medium wp-image-14955\" src=\"https:\/\/stclement-ottawa.org\/wp-content\/uploads\/2026\/04\/thermometer-e1775055574469-185x300.png\" alt=\"\" width=\"185\" height=\"300\" srcset=\"https:\/\/stclement-ottawa.org\/wp-content\/uploads\/2026\/04\/thermometer-e1775055574469-185x300.png 185w, https:\/\/stclement-ottawa.org\/wp-content\/uploads\/2026\/04\/thermometer-e1775055574469-370x600.png 370w, https:\/\/stclement-ottawa.org\/wp-content\/uploads\/2026\/04\/thermometer-e1775055574469-7x12.png 7w, https:\/\/stclement-ottawa.org\/wp-content\/uploads\/2026\/04\/thermometer-e1775055574469.png 414w\" sizes=\"auto, (max-width: 185px) 100vw, 185px\" \/><br \/>\n<span style=\"color: #000000;\">Pour faire une promesse de don, utilisez le lien ci-dessous:<\/span><\/h1>\n<h2 style=\"text-align: center;\"><strong><a href=\"https:\/\/stclement-ottawa.org\/fr\/pledge-drive-2024-for-the-parish-hall\/\">https:\/\/stclement-ottawa.org\/pledge-drive-2024-for-the-parish-hall\/<\/a><\/strong><\/h2>\n<h1 style=\"text-align: center;\"><strong><span style=\"color: #000000;\"><span style=\"text-decoration: underline;\">Concept architectural de la salle paroissiale<\/span>:<\/span><br \/>\n<a href=\"https:\/\/www.saintclement.ca\/a-propos\">https:\/\/www.saintclement.ca<\/a><br \/>\n<\/strong><\/h1>","protected":false},"excerpt":{"rendered":"<p>St. Clement Parish at St. Anne Church is a parish within the Archdiocese of Ottawa-Cornwall served by the Priestly Fraternity of Saint Peter offering Mass and the administration of the Sacraments in the traditional Latin form of the Roman Rite according to the liturgical norms of 1962.\u00a0 We are located at 528 Old St. Patrick [&hellip;]<\/p>\n","protected":false},"author":12,"featured_media":0,"parent":0,"menu_order":1,"comment_status":"open","ping_status":"closed","template":"page-templates\/front-page.php","meta":{"footnotes":""},"class_list":["post-8","page","type-page","status-publish","hentry"],"aioseo_notices":[],"_links":{"self":[{"href":"https:\/\/stclement-ottawa.org\/fr\/wp-json\/wp\/v2\/pages\/8","targetHints":{"allow":["GET"]}}],"collection":[{"href":"https:\/\/stclement-ottawa.org\/fr\/wp-json\/wp\/v2\/pages"}],"about":[{"href":"https:\/\/stclement-ottawa.org\/fr\/wp-json\/wp\/v2\/types\/page"}],"author":[{"embeddable":true,"href":"https:\/\/stclement-ottawa.org\/fr\/wp-json\/wp\/v2\/users\/12"}],"replies":[{"embeddable":true,"href":"https:\/\/stclement-ottawa.org\/fr\/wp-json\/wp\/v2\/comments?post=8"}],"version-history":[{"count":173,"href":"https:\/\/stclement-ottawa.org\/fr\/wp-json\/wp\/v2\/pages\/8\/revisions"}],"predecessor-version":[{"id":14956,"href":"https:\/\/stclement-ottawa.org\/fr\/wp-json\/wp\/v2\/pages\/8\/revisions\/14956"}],"wp:attachment":[{"href":"https:\/\/stclement-ottawa.org\/fr\/wp-json\/wp\/v2\/media?parent=8"}],"curies":[{"name":"wp","href":"https:\/\/api.w.org\/{rel}","templated":true}]}}