{"id":885,"date":"2013-08-13T14:51:28","date_gmt":"2013-08-13T18:51:28","guid":{"rendered":"http:\/\/stclement-ottawa.org\/en\/?page_id=885"},"modified":"2025-11-02T15:29:01","modified_gmt":"2025-11-02T20:29:01","slug":"st-clement-parish-at-st-anne-church","status":"publish","type":"page","link":"https:\/\/stclement-ottawa.org\/fr\/","title":{"rendered":"Paroisse Saint-Cl\u00e9ment \u00e0 l&#039;\u00e9glise Sainte-Anne"},"content":{"rendered":"","protected":false},"excerpt":{"rendered":"","protected":false},"author":12,"featured_media":0,"parent":0,"menu_order":0,"comment_status":"closed","ping_status":"closed","template":"page-templates\/language-page.php","meta":{"footnotes":""},"class_list":["post-885","page","type-page","status-publish","hentry"],"aioseo_notices":[],"_links":{"self":[{"href":"https:\/\/stclement-ottawa.org\/fr\/wp-json\/wp\/v2\/pages\/885","targetHints":{"allow":["GET"]}}],"collection":[{"href":"https:\/\/stclement-ottawa.org\/fr\/wp-json\/wp\/v2\/pages"}],"about":[{"href":"https:\/\/stclement-ottawa.org\/fr\/wp-json\/wp\/v2\/types\/page"}],"author":[{"embeddable":true,"href":"https:\/\/stclement-ottawa.org\/fr\/wp-json\/wp\/v2\/users\/12"}],"replies":[{"embeddable":true,"href":"https:\/\/stclement-ottawa.org\/fr\/wp-json\/wp\/v2\/comments?post=885"}],"version-history":[{"count":9,"href":"https:\/\/stclement-ottawa.org\/fr\/wp-json\/wp\/v2\/pages\/885\/revisions"}],"predecessor-version":[{"id":11137,"href":"https:\/\/stclement-ottawa.org\/fr\/wp-json\/wp\/v2\/pages\/885\/revisions\/11137"}],"wp:attachment":[{"href":"https:\/\/stclement-ottawa.org\/fr\/wp-json\/wp\/v2\/media?parent=885"}],"curies":[{"name":"wp","href":"https:\/\/api.w.org\/{rel}","templated":true}]}}